{"id":21252,"date":"2025-07-18T00:33:05","date_gmt":"2025-07-18T00:33:05","guid":{"rendered":"https:\/\/umbidesign.xyz\/?product=polo-sol-manga-220"},"modified":"2025-08-10T14:54:47","modified_gmt":"2025-08-10T14:54:47","slug":"polo-sol-manga-220","status":"publish","type":"product","link":"https:\/\/umbicap.com\/?produit=polo-sol-manga-220&lang=fr","title":{"rendered":"Polo SOL Manga 220"},"content":{"rendered":"\t\t<div data-elementor-type=\"wp-post\" data-elementor-id=\"21252\" class=\"elementor elementor-21252 elementor-7424\">\n\t\t\t\t<div class=\"elementor-element elementor-element-386d97ed e-flex e-con-boxed e-con e-parent\" data-id=\"386d97ed\" data-element_type=\"container\">\n\t\t\t\t\t<div class=\"e-con-inner\">\n\t\t\t\t<div class=\"elementor-element elementor-element-50161d52 elementor-widget elementor-widget-text-editor\" data-id=\"50161d52\" data-element_type=\"widget\" data-widget_type=\"text-editor.default\">\n\t\t\t\t<div class=\"elementor-widget-container\">\n\t\t\t\t\t\t\t\t\t<ul><li>Tissu piqu\u00e9.<\/li><li>Patte de boutonnage avec 2 boutons color\u00e9s.<\/li><li>A\u00e9rations lat\u00e9rales.<\/li><li>Dos plus large.<\/li><li>210 g\/m\u00b2<\/li><li>100% coton peign\u00e9 avec pr\u00e9-r\u00e9tr\u00e9cissement<\/li><li>XS : blanc, gris m\u00e9lang\u00e9, noir, rouge, bleu royal, bleu marine, bourgogne<\/li><li>Gris m\u00e9lang\u00e9 &#8211; 85% coton \/ 15% viscose<\/li><li>\u00c9tiquette amovible<\/li><\/ul><p> <\/p><p><strong>100% coton<\/strong> peign\u00e9 pr\u00e9-r\u00e9tr\u00e9ci.<br>Poids : <strong>210 g\/m\u00b2<\/strong>.<\/p>\t\t\t\t\t\t\t\t<\/div>\n\t\t\t\t<\/div>\n\t\t\t\t\t<\/div>\n\t\t\t\t<\/div>\n\t\t\t\t<\/div>\n\t\t","protected":false},"excerpt":{"rendered":"<p><strong>Polo piqu\u00e9 \u00e0 manches courtes sp\u00e9cial entreprises pour sa durabilit\u00e9 et sa qualit\u00e9<\/strong>.<\/p>\n<p>Disponible en 11 couleurs.<br \/>\nDe la taille XS \u00e0 3XL.<\/p>\n<p>Etiquette amovible.<\/p>\n","protected":false},"featured_media":12762,"comment_status":"closed","ping_status":"closed","template":"","meta":[],"product_brand":[],"product_cat":[368,433,416,319],"product_tag":[],"class_list":{"0":"post-21252","1":"product","2":"type-product","3":"status-publish","4":"has-post-thumbnail","6":"product_cat-lhomme","7":"product_cat-manches-longues","8":"product_cat-polo-fr","9":"product_cat-tous","11":"first","12":"instock","13":"featured","14":"shipping-taxable","15":"purchasable","16":"product-type-variable"},"_links":{"self":[{"href":"https:\/\/umbicap.com\/index.php?rest_route=\/wp\/v2\/product\/21252","targetHints":{"allow":["GET"]}}],"collection":[{"href":"https:\/\/umbicap.com\/index.php?rest_route=\/wp\/v2\/product"}],"about":[{"href":"https:\/\/umbicap.com\/index.php?rest_route=\/wp\/v2\/types\/product"}],"replies":[{"embeddable":true,"href":"https:\/\/umbicap.com\/index.php?rest_route=%2Fwp%2Fv2%2Fcomments&post=21252"}],"version-history":[{"count":1,"href":"https:\/\/umbicap.com\/index.php?rest_route=\/wp\/v2\/product\/21252\/revisions"}],"predecessor-version":[{"id":21274,"href":"https:\/\/umbicap.com\/index.php?rest_route=\/wp\/v2\/product\/21252\/revisions\/21274"}],"wp:featuredmedia":[{"embeddable":true,"href":"https:\/\/umbicap.com\/index.php?rest_route=\/wp\/v2\/media\/12762"}],"wp:attachment":[{"href":"https:\/\/umbicap.com\/index.php?rest_route=%2Fwp%2Fv2%2Fmedia&parent=21252"}],"wp:term":[{"taxonomy":"product_brand","embeddable":true,"href":"https:\/\/umbicap.com\/index.php?rest_route=%2Fwp%2Fv2%2Fproduct_brand&post=21252"},{"taxonomy":"product_cat","embeddable":true,"href":"https:\/\/umbicap.com\/index.php?rest_route=%2Fwp%2Fv2%2Fproduct_cat&post=21252"},{"taxonomy":"product_tag","embeddable":true,"href":"https:\/\/umbicap.com\/index.php?rest_route=%2Fwp%2Fv2%2Fproduct_tag&post=21252"}],"curies":[{"name":"wp","href":"https:\/\/api.w.org\/{rel}","templated":true}]}}