{"id":21301,"date":"2025-07-18T01:02:56","date_gmt":"2025-07-18T01:02:56","guid":{"rendered":"https:\/\/umbidesign.xyz\/?product=hawaii-sweatshirt-unisex"},"modified":"2025-08-10T15:01:30","modified_gmt":"2025-08-10T15:01:30","slug":"hawaii-sweatshirt-unisex","status":"publish","type":"product","link":"https:\/\/umbicap.com\/?produkt=hawaii-sweatshirt-unisex&lang=de","title":{"rendered":"HAWAII Sweatshirt unisex"},"content":{"rendered":"\t\t<div data-elementor-type=\"wp-post\" data-elementor-id=\"21301\" class=\"elementor elementor-21301 elementor-7486\">\n\t\t\t\t<div class=\"elementor-element elementor-element-386d97ed e-flex e-con-boxed e-con e-parent\" data-id=\"386d97ed\" data-element_type=\"container\">\n\t\t\t\t\t<div class=\"e-con-inner\">\n\t\t\t\t<div class=\"elementor-element elementor-element-50161d52 elementor-widget elementor-widget-text-editor\" data-id=\"50161d52\" data-element_type=\"widget\" data-widget_type=\"text-editor.default\">\n\t\t\t\t<div class=\"elementor-widget-container\">\n\t\t\t\t\t\t\t\t\t<ul><li>Doppelte N\u00e4hte an Hals, B\u00fcndchen und Saum.<\/li><li>2&#215;1 Elastan-Rippenb\u00fcndchen an \u00c4rmeln und Po.<\/li><li>Melange Grau: 61% Baumwolle \/31% recyceltes Polyester\/ 8% Viskose<\/li><li>Melange Dark Grey: 60% recyceltes Polyester \/40% Baumwolle<\/li><li>Melange Ash: 67% Baumwolle \/ 31% recyceltes Polyester \/ 2% Viskose<\/li><\/ul><p><strong>60% Baumwolle \/ 40% recyceltes Polyester<\/strong>.<br>Gewicht: ca. <strong>290 g\/m\u00b2<\/strong>.<\/p>\t\t\t\t\t\t\t\t<\/div>\n\t\t\t\t<\/div>\n\t\t\t\t\t<\/div>\n\t\t\t\t<\/div>\n\t\t\t\t<\/div>\n\t\t","protected":false},"excerpt":{"rendered":"<p><strong>Klassisches Unisex-Sweatshirt mit Rundkragen, das sich perfekt f\u00fcr die Personalisierung eignet.<\/strong><\/p>\n<p>Erh\u00e4ltlich in 13 Farben von Gr\u00f6\u00dfe XS bis 5XL.<br \/>\nAufgrund des h\u00f6heren Polyesteranteils verwenden einige unserer Kunden das wei\u00dfe Sweatshirt f\u00fcr die Sublimation.<\/p>\n","protected":false},"featured_media":12874,"comment_status":"closed","ping_status":"closed","template":"","meta":[],"product_brand":[],"product_cat":[320,372,376,435,400],"product_tag":[],"class_list":{"0":"post-21301","1":"product","2":"type-product","3":"status-publish","4":"has-post-thumbnail","6":"product_cat-alle","7":"product_cat-frau","8":"product_cat-mann","9":"product_cat-sweatshirt","10":"product_cat-unisex-de","12":"first","13":"instock","14":"featured","15":"shipping-taxable","16":"purchasable","17":"product-type-variable"},"_links":{"self":[{"href":"https:\/\/umbicap.com\/index.php?rest_route=\/wp\/v2\/product\/21301","targetHints":{"allow":["GET"]}}],"collection":[{"href":"https:\/\/umbicap.com\/index.php?rest_route=\/wp\/v2\/product"}],"about":[{"href":"https:\/\/umbicap.com\/index.php?rest_route=\/wp\/v2\/types\/product"}],"replies":[{"embeddable":true,"href":"https:\/\/umbicap.com\/index.php?rest_route=%2Fwp%2Fv2%2Fcomments&post=21301"}],"version-history":[{"count":1,"href":"https:\/\/umbicap.com\/index.php?rest_route=\/wp\/v2\/product\/21301\/revisions"}],"predecessor-version":[{"id":21332,"href":"https:\/\/umbicap.com\/index.php?rest_route=\/wp\/v2\/product\/21301\/revisions\/21332"}],"wp:featuredmedia":[{"embeddable":true,"href":"https:\/\/umbicap.com\/index.php?rest_route=\/wp\/v2\/media\/12874"}],"wp:attachment":[{"href":"https:\/\/umbicap.com\/index.php?rest_route=%2Fwp%2Fv2%2Fmedia&parent=21301"}],"wp:term":[{"taxonomy":"product_brand","embeddable":true,"href":"https:\/\/umbicap.com\/index.php?rest_route=%2Fwp%2Fv2%2Fproduct_brand&post=21301"},{"taxonomy":"product_cat","embeddable":true,"href":"https:\/\/umbicap.com\/index.php?rest_route=%2Fwp%2Fv2%2Fproduct_cat&post=21301"},{"taxonomy":"product_tag","embeddable":true,"href":"https:\/\/umbicap.com\/index.php?rest_route=%2Fwp%2Fv2%2Fproduct_tag&post=21301"}],"curies":[{"name":"wp","href":"https:\/\/api.w.org\/{rel}","templated":true}]}}