{"id":21429,"date":"2025-07-18T05:53:00","date_gmt":"2025-07-18T05:53:00","guid":{"rendered":"https:\/\/umbidesign.xyz\/?product=nuvem-zip-sweatshirt-unisex"},"modified":"2025-08-10T15:01:30","modified_gmt":"2025-08-10T15:01:30","slug":"nuvem-zip-sweatshirt-unisex","status":"publish","type":"product","link":"https:\/\/umbicap.com\/?produkt=nuvem-zip-sweatshirt-unisex&lang=de","title":{"rendered":"NUVEM Zip Sweatshirt unisex"},"content":{"rendered":"\t\t<div data-elementor-type=\"wp-post\" data-elementor-id=\"21429\" class=\"elementor elementor-21429 elementor-7642\">\n\t\t\t\t<div class=\"elementor-element elementor-element-386d97ed e-flex e-con-boxed e-con e-parent\" data-id=\"386d97ed\" data-element_type=\"container\">\n\t\t\t\t\t<div class=\"e-con-inner\">\n\t\t\t\t<div class=\"elementor-element elementor-element-50161d52 elementor-widget elementor-widget-text-editor\" data-id=\"50161d52\" data-element_type=\"widget\" data-widget_type=\"text-editor.default\">\n\t\t\t\t<div class=\"elementor-widget-container\">\n\t\t\t\t\t\t\t\t\t<ul><li>Sweatshirt mit Kapuze.<\/li><li>Farbiger Kordelzug.<\/li><li>Zip eingef\u00fcgt.<\/li><li>Beuteltier-Tasche.<\/li><li>2&#215;1 Elastan-Rippenb\u00fcndchen an \u00c4rmeln und Po.  <\/li><li>Melange Dark Grey: 60% recyceltes Polyester \/40% Baumwolle<\/li><\/ul><p><strong>60% Baumwolle \/ 40% recyceltes Polyester<\/strong>. <br>Gewicht: ca. <strong>290 g\/m\u00b2<\/strong>.<\/p>\t\t\t\t\t\t\t\t<\/div>\n\t\t\t\t<\/div>\n\t\t\t\t\t<\/div>\n\t\t\t\t<\/div>\n\t\t\t\t<\/div>\n\t\t","protected":false},"excerpt":{"rendered":"<p><strong>Unisex-Kapuzensweatshirt mit durchgehender Rei\u00dfverschlusskapuze und K\u00e4ngurutasche<\/strong>.<\/p>\n<p>Erh\u00e4ltlich in 5 Farben und von Gr\u00f6\u00dfe XS bis 3XL.<\/p>\n","protected":false},"featured_media":13153,"comment_status":"closed","ping_status":"closed","template":"","meta":[],"product_brand":[],"product_cat":[320,372,404,403,402,376,417,435,400],"product_tag":[],"class_list":{"0":"post-21429","1":"product","2":"type-product","3":"status-publish","4":"has-post-thumbnail","6":"product_cat-alle","7":"product_cat-frau","8":"product_cat-kapuzenfrau","9":"product_cat-kapuzenmann","10":"product_cat-kapuzenpulli","11":"product_cat-mann","12":"product_cat-schweis-reisverschluss","13":"product_cat-sweatshirt","14":"product_cat-unisex-de","16":"first","17":"instock","18":"featured","19":"shipping-taxable","20":"purchasable","21":"product-type-variable"},"_links":{"self":[{"href":"https:\/\/umbicap.com\/index.php?rest_route=\/wp\/v2\/product\/21429","targetHints":{"allow":["GET"]}}],"collection":[{"href":"https:\/\/umbicap.com\/index.php?rest_route=\/wp\/v2\/product"}],"about":[{"href":"https:\/\/umbicap.com\/index.php?rest_route=\/wp\/v2\/types\/product"}],"replies":[{"embeddable":true,"href":"https:\/\/umbicap.com\/index.php?rest_route=%2Fwp%2Fv2%2Fcomments&post=21429"}],"version-history":[{"count":1,"href":"https:\/\/umbicap.com\/index.php?rest_route=\/wp\/v2\/product\/21429\/revisions"}],"predecessor-version":[{"id":21437,"href":"https:\/\/umbicap.com\/index.php?rest_route=\/wp\/v2\/product\/21429\/revisions\/21437"}],"wp:featuredmedia":[{"embeddable":true,"href":"https:\/\/umbicap.com\/index.php?rest_route=\/wp\/v2\/media\/13153"}],"wp:attachment":[{"href":"https:\/\/umbicap.com\/index.php?rest_route=%2Fwp%2Fv2%2Fmedia&parent=21429"}],"wp:term":[{"taxonomy":"product_brand","embeddable":true,"href":"https:\/\/umbicap.com\/index.php?rest_route=%2Fwp%2Fv2%2Fproduct_brand&post=21429"},{"taxonomy":"product_cat","embeddable":true,"href":"https:\/\/umbicap.com\/index.php?rest_route=%2Fwp%2Fv2%2Fproduct_cat&post=21429"},{"taxonomy":"product_tag","embeddable":true,"href":"https:\/\/umbicap.com\/index.php?rest_route=%2Fwp%2Fv2%2Fproduct_tag&post=21429"}],"curies":[{"name":"wp","href":"https:\/\/api.w.org\/{rel}","templated":true}]}}