{"id":21436,"date":"2025-07-18T05:29:54","date_gmt":"2025-07-18T05:29:54","guid":{"rendered":"https:\/\/umbidesign.xyz\/?product=sweat-shirt-kangaroo-unisexe"},"modified":"2025-08-10T14:54:47","modified_gmt":"2025-08-10T14:54:47","slug":"sweat-shirt-kangaroo-unisexe","status":"publish","type":"product","link":"https:\/\/umbicap.com\/?produit=sweat-shirt-kangaroo-unisexe&lang=fr","title":{"rendered":"Sweat-shirt KANGAROO unisexe"},"content":{"rendered":"\t\t<div data-elementor-type=\"wp-post\" data-elementor-id=\"21436\" class=\"elementor elementor-21436 elementor-7554\">\n\t\t\t\t<div class=\"elementor-element elementor-element-386d97ed e-flex e-con-boxed e-con e-parent\" data-id=\"386d97ed\" data-element_type=\"container\">\n\t\t\t\t\t<div class=\"e-con-inner\">\n\t\t\t\t<div class=\"elementor-element elementor-element-50161d52 elementor-widget elementor-widget-text-editor\" data-id=\"50161d52\" data-element_type=\"widget\" data-widget_type=\"text-editor.default\">\n\t\t\t\t<div class=\"elementor-widget-container\">\n\t\t\t\t\t\t\t\t\t<ul><li>Sweat \u00e0 capuche.<\/li><li>Cordon de serrage color\u00e9.<\/li><li>La poche des marsupiaux.<\/li><li>C\u00f4tes en \u00e9lasthanne 2&#215;1 aux poignets et au bas.<\/li><li>Gris m\u00e9lang\u00e9 : 61% coton \/31% polyester recycl\u00e9 \/ 8% viscose<\/li><li>M\u00e9lange Gris fonc\u00e9:60% polyester recycl\u00e9 \/40% coton  <\/li><li>Fr\u00eane m\u00e9lang\u00e9 : 67% coton \/ 31% polyester recycl\u00e9 \/ 2% viscose<\/li><\/ul><p><br><strong>60% coton \/ 40% polyester recycl\u00e9<\/strong>.<br>Poids : <strong>260 g\/m\u00b2<\/strong> environ.<\/p>\t\t\t\t\t\t\t\t<\/div>\n\t\t\t\t<\/div>\n\t\t\t\t\t<\/div>\n\t\t\t\t<\/div>\n\t\t\t\t<\/div>\n\t\t","protected":false},"excerpt":{"rendered":"<p><strong>Sweat<\/strong><strong>\u00e0 capuche pour homme avec poche kangourou et cordon de serrage assorti<\/strong>.<\/p>\n<p>Disponible en 7 couleurs et de la taille XS \u00e0 5XL.<br \/>\nEn raison de sa composition plus \u00e9lev\u00e9e en polyester, certains de nos clients utilisent des <strong>sweatshirts blancs pour la sublimation.<\/strong><\/p>\n","protected":false},"featured_media":13008,"comment_status":"closed","ping_status":"closed","template":"","meta":[],"product_brand":[],"product_cat":[370,389,388,368,387,436,319,384],"product_tag":[],"class_list":{"0":"post-21436","1":"product","2":"type-product","3":"status-publish","4":"has-post-thumbnail","6":"product_cat-femme","7":"product_cat-femme-a-capuche","8":"product_cat-homme-a-capuche","9":"product_cat-lhomme","10":"product_cat-sweat-a-capuche","11":"product_cat-sweatshirt-fr","12":"product_cat-tous","13":"product_cat-unisexe","15":"first","16":"instock","17":"featured","18":"shipping-taxable","19":"purchasable","20":"product-type-variable"},"_links":{"self":[{"href":"https:\/\/umbicap.com\/index.php?rest_route=\/wp\/v2\/product\/21436","targetHints":{"allow":["GET"]}}],"collection":[{"href":"https:\/\/umbicap.com\/index.php?rest_route=\/wp\/v2\/product"}],"about":[{"href":"https:\/\/umbicap.com\/index.php?rest_route=\/wp\/v2\/types\/product"}],"replies":[{"embeddable":true,"href":"https:\/\/umbicap.com\/index.php?rest_route=%2Fwp%2Fv2%2Fcomments&post=21436"}],"version-history":[{"count":1,"href":"https:\/\/umbicap.com\/index.php?rest_route=\/wp\/v2\/product\/21436\/revisions"}],"predecessor-version":[{"id":21446,"href":"https:\/\/umbicap.com\/index.php?rest_route=\/wp\/v2\/product\/21436\/revisions\/21446"}],"wp:featuredmedia":[{"embeddable":true,"href":"https:\/\/umbicap.com\/index.php?rest_route=\/wp\/v2\/media\/13008"}],"wp:attachment":[{"href":"https:\/\/umbicap.com\/index.php?rest_route=%2Fwp%2Fv2%2Fmedia&parent=21436"}],"wp:term":[{"taxonomy":"product_brand","embeddable":true,"href":"https:\/\/umbicap.com\/index.php?rest_route=%2Fwp%2Fv2%2Fproduct_brand&post=21436"},{"taxonomy":"product_cat","embeddable":true,"href":"https:\/\/umbicap.com\/index.php?rest_route=%2Fwp%2Fv2%2Fproduct_cat&post=21436"},{"taxonomy":"product_tag","embeddable":true,"href":"https:\/\/umbicap.com\/index.php?rest_route=%2Fwp%2Fv2%2Fproduct_tag&post=21436"}],"curies":[{"name":"wp","href":"https:\/\/api.w.org\/{rel}","templated":true}]}}