{"id":21468,"date":"2025-07-18T05:42:15","date_gmt":"2025-07-18T05:42:15","guid":{"rendered":"https:\/\/umbidesign.xyz\/?product=kangaroo-kinder-sweatshirt"},"modified":"2025-08-10T15:01:30","modified_gmt":"2025-08-10T15:01:30","slug":"kangaroo-kinder-sweatshirt","status":"publish","type":"product","link":"https:\/\/umbicap.com\/?produkt=kangaroo-kinder-sweatshirt&lang=de","title":{"rendered":"KANGAROO Kinder Sweatshirt"},"content":{"rendered":"\t\t<div data-elementor-type=\"wp-post\" data-elementor-id=\"21468\" class=\"elementor elementor-21468 elementor-7604\">\n\t\t\t\t<div class=\"elementor-element elementor-element-386d97ed e-flex e-con-boxed e-con e-parent\" data-id=\"386d97ed\" data-element_type=\"container\">\n\t\t\t\t\t<div class=\"e-con-inner\">\n\t\t\t\t<div class=\"elementor-element elementor-element-50161d52 elementor-widget elementor-widget-text-editor\" data-id=\"50161d52\" data-element_type=\"widget\" data-widget_type=\"text-editor.default\">\n\t\t\t\t<div class=\"elementor-widget-container\">\n\t\t\t\t\t\t\t\t\t<ul><li>Sweatshirt mit Kapuze.<\/li><li>Farbiger Kordelzug.<\/li><li>Beuteltier-Tasche.<\/li><li>2&#215;1 Elastan-Rippenb\u00fcndchen an \u00c4rmeln und Po.<\/li><li>Melange Grau: 61% Baumwolle \/31% recyceltes Polyester \/ 8% Viskose<\/li><li>Melange Ash: 67% Baumwolle \/ 31% recyceltes Polyester \/ 2% Viskose<\/li><\/ul><p><strong>60% Baumwolle \/ 40% recyceltes Polyester<\/strong>. <br>Gewicht: ca. <strong>290 g\/m\u00b2<\/strong>.<\/p>\t\t\t\t\t\t\t\t<\/div>\n\t\t\t\t<\/div>\n\t\t\t\t\t<\/div>\n\t\t\t\t<\/div>\n\t\t\t\t<\/div>\n\t\t","protected":false},"excerpt":{"rendered":"<p><strong>Unisex-Kinder-Kapuzensweatshirt<\/strong><strong>mit K\u00e4ngurutasche<\/strong>.<\/p>\n<p>Erh\u00e4ltlich in 7 Farben und in den Gr\u00f6\u00dfen 1-2 bis 12-14 Jahre.<\/p>\n<p>Aufgrund des h\u00f6heren Polyesteranteils verwenden einige unserer Kunden das <strong>wei\u00dfe Sweatshirt zur Sublimation.<\/strong><\/p>\n","protected":false},"featured_media":13087,"comment_status":"closed","ping_status":"closed","template":"","meta":[],"product_brand":[],"product_cat":[320,402,332,435,400],"product_tag":[],"class_list":{"0":"post-21468","1":"product","2":"type-product","3":"status-publish","4":"has-post-thumbnail","6":"product_cat-alle","7":"product_cat-kapuzenpulli","8":"product_cat-kinder","9":"product_cat-sweatshirt","10":"product_cat-unisex-de","12":"first","13":"instock","14":"featured","15":"shipping-taxable","16":"purchasable","17":"product-type-variable"},"_links":{"self":[{"href":"https:\/\/umbicap.com\/index.php?rest_route=\/wp\/v2\/product\/21468","targetHints":{"allow":["GET"]}}],"collection":[{"href":"https:\/\/umbicap.com\/index.php?rest_route=\/wp\/v2\/product"}],"about":[{"href":"https:\/\/umbicap.com\/index.php?rest_route=\/wp\/v2\/types\/product"}],"replies":[{"embeddable":true,"href":"https:\/\/umbicap.com\/index.php?rest_route=%2Fwp%2Fv2%2Fcomments&post=21468"}],"version-history":[{"count":1,"href":"https:\/\/umbicap.com\/index.php?rest_route=\/wp\/v2\/product\/21468\/revisions"}],"predecessor-version":[{"id":21477,"href":"https:\/\/umbicap.com\/index.php?rest_route=\/wp\/v2\/product\/21468\/revisions\/21477"}],"wp:featuredmedia":[{"embeddable":true,"href":"https:\/\/umbicap.com\/index.php?rest_route=\/wp\/v2\/media\/13087"}],"wp:attachment":[{"href":"https:\/\/umbicap.com\/index.php?rest_route=%2Fwp%2Fv2%2Fmedia&parent=21468"}],"wp:term":[{"taxonomy":"product_brand","embeddable":true,"href":"https:\/\/umbicap.com\/index.php?rest_route=%2Fwp%2Fv2%2Fproduct_brand&post=21468"},{"taxonomy":"product_cat","embeddable":true,"href":"https:\/\/umbicap.com\/index.php?rest_route=%2Fwp%2Fv2%2Fproduct_cat&post=21468"},{"taxonomy":"product_tag","embeddable":true,"href":"https:\/\/umbicap.com\/index.php?rest_route=%2Fwp%2Fv2%2Fproduct_tag&post=21468"}],"curies":[{"name":"wp","href":"https:\/\/api.w.org\/{rel}","templated":true}]}}