{"id":21511,"date":"2025-07-23T22:58:35","date_gmt":"2025-07-23T22:58:35","guid":{"rendered":"https:\/\/umbidesign.xyz\/?product=imola-t-shirt-0427"},"modified":"2025-08-10T15:01:30","modified_gmt":"2025-08-10T15:01:30","slug":"imola-t-shirt-0427","status":"publish","type":"product","link":"https:\/\/umbicap.com\/?produkt=imola-t-shirt-0427&lang=de","title":{"rendered":"IMOLA-T-Shirt 0427"},"content":{"rendered":"\t\t<div data-elementor-type=\"wp-post\" data-elementor-id=\"21511\" class=\"elementor elementor-21511 elementor-7836\">\n\t\t\t\t<div class=\"elementor-element elementor-element-386d97ed e-flex e-con-boxed e-con e-parent\" data-id=\"386d97ed\" data-element_type=\"container\">\n\t\t\t\t\t<div class=\"e-con-inner\">\n\t\t\t\t<div class=\"elementor-element elementor-element-50161d52 elementor-widget elementor-widget-text-editor\" data-id=\"50161d52\" data-element_type=\"widget\" data-widget_type=\"text-editor.default\">\n\t\t\t\t<div class=\"elementor-widget-container\">\n\t\t\t\t\t\t\t\t\t<p class=\"\" data-v-0dde63d0=\"\"><em>Modell:<br>Gr\u00f6\u00dfe M | Gr\u00f6\u00dfe: 182 cm<\/em><\/p><ul><li class=\"observation-text\"><strong>Alle Farben in Kindergr\u00f6\u00dfen erh\u00e4ltlich<\/strong><\/li><li class=\"observation-text\">Abnehmbares ECO-Label<\/li><li class=\"observation-text\">Individuelle Tasche aus recyceltem Material<\/li><li class=\"observation-text\">Technisches Gewebe<\/li><li class=\"observation-text\">Kontrolle trocken<\/li><li class=\"observation-text\">Doppeltes Konzept<\/li><\/ul><p>Material: <strong>50% Recyceltes Polyester \/ 50% Polyester<\/strong>, <br>Waffel-Interlock. <strong>130g\/m\u00b2<\/strong>.<\/p>\t\t\t\t\t\t\t\t<\/div>\n\t\t\t\t<\/div>\n\t\t\t\t\t<\/div>\n\t\t\t\t<\/div>\n\t\t\t\t<\/div>\n\t\t","protected":false},"excerpt":{"rendered":"<p><strong>Technisches T-Shirt mit Reglan-\u00c4rmeln aus recyceltem Polyestergewebe CONTROL DRY.<\/strong><br \/>\nRunder Kragen mit passender Naht.<br \/>\nUntere \u00c4rmeleins\u00e4tze.<br \/>\nPassende Overlock-Naht am Armausschnitt und am \u00c4rmeleinsatz.<\/p>\n<p>ECO-Logo-Etikett auf dem \u00c4rmel, abnehmbar.<\/p>\n<ul>\n<li><strong>Alle Farben in Kindergr\u00f6\u00dfen erh\u00e4ltlich<\/strong><\/li>\n<\/ul>\n","protected":false},"featured_media":13486,"comment_status":"closed","ping_status":"closed","template":"","meta":[],"product_brand":[],"product_cat":[320,332,333,376,330,365],"product_tag":[],"class_list":{"0":"post-21511","1":"product","2":"type-product","3":"status-publish","4":"has-post-thumbnail","6":"product_cat-alle","7":"product_cat-kinder","8":"product_cat-kinder-sport","9":"product_cat-mann","10":"product_cat-sport-de","11":"product_cat-t-shirt-mann","13":"first","14":"instock","15":"featured","16":"shipping-taxable","17":"purchasable","18":"product-type-variable"},"_links":{"self":[{"href":"https:\/\/umbicap.com\/index.php?rest_route=\/wp\/v2\/product\/21511","targetHints":{"allow":["GET"]}}],"collection":[{"href":"https:\/\/umbicap.com\/index.php?rest_route=\/wp\/v2\/product"}],"about":[{"href":"https:\/\/umbicap.com\/index.php?rest_route=\/wp\/v2\/types\/product"}],"replies":[{"embeddable":true,"href":"https:\/\/umbicap.com\/index.php?rest_route=%2Fwp%2Fv2%2Fcomments&post=21511"}],"version-history":[{"count":1,"href":"https:\/\/umbicap.com\/index.php?rest_route=\/wp\/v2\/product\/21511\/revisions"}],"predecessor-version":[{"id":21551,"href":"https:\/\/umbicap.com\/index.php?rest_route=\/wp\/v2\/product\/21511\/revisions\/21551"}],"wp:featuredmedia":[{"embeddable":true,"href":"https:\/\/umbicap.com\/index.php?rest_route=\/wp\/v2\/media\/13486"}],"wp:attachment":[{"href":"https:\/\/umbicap.com\/index.php?rest_route=%2Fwp%2Fv2%2Fmedia&parent=21511"}],"wp:term":[{"taxonomy":"product_brand","embeddable":true,"href":"https:\/\/umbicap.com\/index.php?rest_route=%2Fwp%2Fv2%2Fproduct_brand&post=21511"},{"taxonomy":"product_cat","embeddable":true,"href":"https:\/\/umbicap.com\/index.php?rest_route=%2Fwp%2Fv2%2Fproduct_cat&post=21511"},{"taxonomy":"product_tag","embeddable":true,"href":"https:\/\/umbicap.com\/index.php?rest_route=%2Fwp%2Fv2%2Fproduct_tag&post=21511"}],"curies":[{"name":"wp","href":"https:\/\/api.w.org\/{rel}","templated":true}]}}