{"id":21655,"date":"2025-07-24T10:29:43","date_gmt":"2025-07-24T10:29:43","guid":{"rendered":"https:\/\/umbidesign.xyz\/?product=t-shirt-femme-imola-0428"},"modified":"2025-08-10T14:54:46","modified_gmt":"2025-08-10T14:54:46","slug":"t-shirt-femme-imola-0428","status":"publish","type":"product","link":"https:\/\/umbicap.com\/?produit=t-shirt-femme-imola-0428&lang=fr","title":{"rendered":"T-shirt femme IMOLA 0428"},"content":{"rendered":"\t\t<div data-elementor-type=\"wp-post\" data-elementor-id=\"21655\" class=\"elementor elementor-21655 elementor-7965\">\n\t\t\t\t<div class=\"elementor-element elementor-element-386d97ed e-flex e-con-boxed e-con e-parent\" data-id=\"386d97ed\" data-element_type=\"container\">\n\t\t\t\t\t<div class=\"e-con-inner\">\n\t\t\t\t<div class=\"elementor-element elementor-element-50161d52 elementor-widget elementor-widget-text-editor\" data-id=\"50161d52\" data-element_type=\"widget\" data-widget_type=\"text-editor.default\">\n\t\t\t\t<div class=\"elementor-widget-container\">\n\t\t\t\t\t\t\t\t\t<p class=\"\" data-v-0dde63d0=\"\"><em>Mod\u00e8le :<\/em><br><em>Taille S | Taille 172 cm<\/em><\/p><p class=\"composition-text\" data-v-0dde63d0=\"\">Mati\u00e8re : <strong>50% Polyester recycl\u00e9 \/ 50% Polyester<\/strong><br>Waffle Interlock. <strong>130g\/m\u00b2<\/strong>.<\/p><ul><li class=\"observation-text\">\u00c9tiquette ECO amovible<\/li><li class=\"observation-text\">Sac individuel en mat\u00e9riau recycl\u00e9 *Tissu technique<\/li><li class=\"observation-text\">Contr\u00f4le \u00e0 sec *Double concept<\/li><\/ul>\t\t\t\t\t\t\t\t<\/div>\n\t\t\t\t<\/div>\n\t\t\t\t\t<\/div>\n\t\t\t\t<\/div>\n\t\t\t\t<\/div>\n\t\t","protected":false},"excerpt":{"rendered":"<p><strong>T-shirt technique ceintur\u00e9 avec manches en reglan en polyester recycl\u00e9 CONTROL DRY.<\/strong><br \/>\nCol rond avec recouvrement des coutures dans la m\u00eame couleur.<br \/>\nEmpi\u00e8cements inf\u00e9rieurs des manches.<br \/>\nSurpiq\u00fbre dans la m\u00eame couleur sur l&#8217;emmanchure et l&#8217;empi\u00e8cement de la manche.<\/p>\n<p>Etiquette du logo ECO sur la manche.<\/p>\n","protected":false},"featured_media":13668,"comment_status":"closed","ping_status":"closed","template":"","meta":[],"product_brand":[],"product_cat":[370,321,361,319],"product_tag":[],"class_list":{"0":"post-21655","1":"product","2":"type-product","3":"status-publish","4":"has-post-thumbnail","6":"product_cat-femme","7":"product_cat-le-sport","8":"product_cat-t-shirt-femme","9":"product_cat-tous","11":"first","12":"instock","13":"featured","14":"shipping-taxable","15":"purchasable","16":"product-type-variable"},"_links":{"self":[{"href":"https:\/\/umbicap.com\/index.php?rest_route=\/wp\/v2\/product\/21655","targetHints":{"allow":["GET"]}}],"collection":[{"href":"https:\/\/umbicap.com\/index.php?rest_route=\/wp\/v2\/product"}],"about":[{"href":"https:\/\/umbicap.com\/index.php?rest_route=\/wp\/v2\/types\/product"}],"replies":[{"embeddable":true,"href":"https:\/\/umbicap.com\/index.php?rest_route=%2Fwp%2Fv2%2Fcomments&post=21655"}],"version-history":[{"count":1,"href":"https:\/\/umbicap.com\/index.php?rest_route=\/wp\/v2\/product\/21655\/revisions"}],"predecessor-version":[{"id":21685,"href":"https:\/\/umbicap.com\/index.php?rest_route=\/wp\/v2\/product\/21655\/revisions\/21685"}],"wp:featuredmedia":[{"embeddable":true,"href":"https:\/\/umbicap.com\/index.php?rest_route=\/wp\/v2\/media\/13668"}],"wp:attachment":[{"href":"https:\/\/umbicap.com\/index.php?rest_route=%2Fwp%2Fv2%2Fmedia&parent=21655"}],"wp:term":[{"taxonomy":"product_brand","embeddable":true,"href":"https:\/\/umbicap.com\/index.php?rest_route=%2Fwp%2Fv2%2Fproduct_brand&post=21655"},{"taxonomy":"product_cat","embeddable":true,"href":"https:\/\/umbicap.com\/index.php?rest_route=%2Fwp%2Fv2%2Fproduct_cat&post=21655"},{"taxonomy":"product_tag","embeddable":true,"href":"https:\/\/umbicap.com\/index.php?rest_route=%2Fwp%2Fv2%2Fproduct_tag&post=21655"}],"curies":[{"name":"wp","href":"https:\/\/api.w.org\/{rel}","templated":true}]}}