{"id":21656,"date":"2025-07-24T12:22:03","date_gmt":"2025-07-24T12:22:03","guid":{"rendered":"https:\/\/umbidesign.xyz\/?product=tamil-pol-0402"},"modified":"2025-08-10T15:01:30","modified_gmt":"2025-08-10T15:01:30","slug":"tamil-pol-0402","status":"publish","type":"product","link":"https:\/\/umbicap.com\/?produkt=tamil-pol-0402&lang=de","title":{"rendered":"TAMIL-Pol 0402"},"content":{"rendered":"\t\t<div data-elementor-type=\"wp-post\" data-elementor-id=\"21656\" class=\"elementor elementor-21656 elementor-8097\">\n\t\t\t\t<div class=\"elementor-element elementor-element-386d97ed e-flex e-con-boxed e-con e-parent\" data-id=\"386d97ed\" data-element_type=\"container\">\n\t\t\t\t\t<div class=\"e-con-inner\">\n\t\t\t\t<div class=\"elementor-element elementor-element-50161d52 elementor-widget elementor-widget-text-editor\" data-id=\"50161d52\" data-element_type=\"widget\" data-widget_type=\"text-editor.default\">\n\t\t\t\t<div class=\"elementor-widget-container\">\n\t\t\t\t\t\t\t\t\t<p class=\"\" data-v-0dde63d0=\"\"><em>Modell:<\/em><br><em>Gr\u00f6\u00dfe M | H\u00f6he 190 cm<\/em><\/p><ul><li class=\"observation-text\">Recycelter Stoff<\/li><li class=\"observation-text\">Antibakterielles Gewebe<\/li><li class=\"observation-text\">Abnehmbares Etikett<\/li><\/ul><p>Material: <strong>50% recyceltes Polyester 50%<\/strong> antibakterielles <strong>Polyester<\/strong>.<br>Farbe: <strong>140 g\/m\u00b2<\/strong>.<br>Wei\u00df: <strong>150 g\/m\u00b2<\/strong>.<\/p><ul><li><strong>Alle Farben sind in Kindergr\u00f6\u00dfen erh\u00e4ltlich.<\/strong><\/li><\/ul>\t\t\t\t\t\t\t\t<\/div>\n\t\t\t\t<\/div>\n\t\t\t\t\t<\/div>\n\t\t\t\t<\/div>\n\t\t\t\t<\/div>\n\t\t","protected":false},"excerpt":{"rendered":"<p><strong>Kurz\u00e4rmeliges technisches Poloshirt aus antibakteriellem, recyceltem Polyester.<\/strong><\/p>\n<p>1&#215;1 gerippter Kragen und Detail am \u00c4rmelrand.<br \/>\nVerst\u00e4rkte verdeckte N\u00e4hte am Kragen.<br \/>\nKnopfleiste mit 2 Kn\u00f6pfen und verdecktem unteren Knopf.<br \/>\nKontrastierende Details und Schultern.<br \/>\nSeitenschlitze am Saum.<\/p>\n<ul>\n<li><strong>Alle Farben sind in Kindergr\u00f6\u00dfen erh\u00e4ltlich.<\/strong><\/li>\n<\/ul>\n","protected":false},"featured_media":13906,"comment_status":"closed","ping_status":"closed","template":"","meta":[],"product_brand":[],"product_cat":[320,332,333,376,355,330],"product_tag":[],"class_list":{"0":"post-21656","1":"product","2":"type-product","3":"status-publish","4":"has-post-thumbnail","6":"product_cat-alle","7":"product_cat-kinder","8":"product_cat-kinder-sport","9":"product_cat-mann","10":"product_cat-polo-mann","11":"product_cat-sport-de","13":"first","14":"instock","15":"featured","16":"shipping-taxable","17":"purchasable","18":"product-type-variable"},"_links":{"self":[{"href":"https:\/\/umbicap.com\/index.php?rest_route=\/wp\/v2\/product\/21656","targetHints":{"allow":["GET"]}}],"collection":[{"href":"https:\/\/umbicap.com\/index.php?rest_route=\/wp\/v2\/product"}],"about":[{"href":"https:\/\/umbicap.com\/index.php?rest_route=\/wp\/v2\/types\/product"}],"replies":[{"embeddable":true,"href":"https:\/\/umbicap.com\/index.php?rest_route=%2Fwp%2Fv2%2Fcomments&post=21656"}],"version-history":[{"count":1,"href":"https:\/\/umbicap.com\/index.php?rest_route=\/wp\/v2\/product\/21656\/revisions"}],"predecessor-version":[{"id":21676,"href":"https:\/\/umbicap.com\/index.php?rest_route=\/wp\/v2\/product\/21656\/revisions\/21676"}],"wp:featuredmedia":[{"embeddable":true,"href":"https:\/\/umbicap.com\/index.php?rest_route=\/wp\/v2\/media\/13906"}],"wp:attachment":[{"href":"https:\/\/umbicap.com\/index.php?rest_route=%2Fwp%2Fv2%2Fmedia&parent=21656"}],"wp:term":[{"taxonomy":"product_brand","embeddable":true,"href":"https:\/\/umbicap.com\/index.php?rest_route=%2Fwp%2Fv2%2Fproduct_brand&post=21656"},{"taxonomy":"product_cat","embeddable":true,"href":"https:\/\/umbicap.com\/index.php?rest_route=%2Fwp%2Fv2%2Fproduct_cat&post=21656"},{"taxonomy":"product_tag","embeddable":true,"href":"https:\/\/umbicap.com\/index.php?rest_route=%2Fwp%2Fv2%2Fproduct_tag&post=21656"}],"curies":[{"name":"wp","href":"https:\/\/api.w.org\/{rel}","templated":true}]}}