{"id":21680,"date":"2025-07-24T12:22:03","date_gmt":"2025-07-24T12:22:03","guid":{"rendered":"https:\/\/umbidesign.xyz\/?product=pole-tamil-0402"},"modified":"2025-08-10T14:54:46","modified_gmt":"2025-08-10T14:54:46","slug":"pole-tamil-0402","status":"publish","type":"product","link":"https:\/\/umbicap.com\/?produit=pole-tamil-0402&lang=fr","title":{"rendered":"P\u00f4le TAMIL 0402"},"content":{"rendered":"\t\t<div data-elementor-type=\"wp-post\" data-elementor-id=\"21680\" class=\"elementor elementor-21680 elementor-8097\">\n\t\t\t\t<div class=\"elementor-element elementor-element-386d97ed e-flex e-con-boxed e-con e-parent\" data-id=\"386d97ed\" data-element_type=\"container\">\n\t\t\t\t\t<div class=\"e-con-inner\">\n\t\t\t\t<div class=\"elementor-element elementor-element-50161d52 elementor-widget elementor-widget-text-editor\" data-id=\"50161d52\" data-element_type=\"widget\" data-widget_type=\"text-editor.default\">\n\t\t\t\t<div class=\"elementor-widget-container\">\n\t\t\t\t\t\t\t\t\t<p class=\"\" data-v-0dde63d0=\"\"><em>Mod\u00e8le :<\/em><br><em>Taille M | Taille 190 cm<\/em><\/p><ul><li class=\"observation-text\">Tissu recycl\u00e9<\/li><li class=\"observation-text\">Tissu antibact\u00e9rien<\/li><li class=\"observation-text\">\u00c9tiquette amovible<\/li><\/ul><p>Mati\u00e8re : <strong>50% polyester recycl\u00e9 50% polyester<\/strong> antibact\u00e9rien.<br>Couleur : <strong>140 g\/m\u00b2<\/strong>.<br>Blanc : <strong>150 g\/m\u00b2<\/strong>.<\/p><ul><li><strong>Toutes les couleurs sont disponibles en taille enfant.<\/strong><\/li><\/ul>\t\t\t\t\t\t\t\t<\/div>\n\t\t\t\t<\/div>\n\t\t\t\t\t<\/div>\n\t\t\t\t<\/div>\n\t\t\t\t<\/div>\n\t\t","protected":false},"excerpt":{"rendered":"<p><strong>Polo technique \u00e0 manches courtes en polyester recycl\u00e9 antibact\u00e9rien.<\/strong><\/p>\n<p>Col en c\u00f4tes 1&#215;1 et d\u00e9tails sur le bord des manches.<br \/>\nCoutures couvertes renforc\u00e9es au niveau du col.<br \/>\nPatte de boutonnage avec 2 boutons et bouton inf\u00e9rieur cach\u00e9.<br \/>\nD\u00e9tails et \u00e9paules contrast\u00e9s.<br \/>\nFentes lat\u00e9rales au niveau de l&#8217;ourlet.<\/p>\n<ul>\n<li><strong>Toutes les couleurs sont disponibles en taille enfant.<\/strong><\/li>\n<\/ul>\n","protected":false},"featured_media":13905,"comment_status":"closed","ping_status":"closed","template":"","meta":[],"product_brand":[],"product_cat":[324,368,321,356,325,319],"product_tag":[],"class_list":{"0":"post-21680","1":"product","2":"type-product","3":"status-publish","4":"has-post-thumbnail","6":"product_cat-enfants","7":"product_cat-lhomme","8":"product_cat-le-sport","9":"product_cat-polo-man-fr","10":"product_cat-sport-pour-enfants","11":"product_cat-tous","13":"first","14":"instock","15":"featured","16":"shipping-taxable","17":"purchasable","18":"product-type-variable"},"_links":{"self":[{"href":"https:\/\/umbicap.com\/index.php?rest_route=\/wp\/v2\/product\/21680","targetHints":{"allow":["GET"]}}],"collection":[{"href":"https:\/\/umbicap.com\/index.php?rest_route=\/wp\/v2\/product"}],"about":[{"href":"https:\/\/umbicap.com\/index.php?rest_route=\/wp\/v2\/types\/product"}],"replies":[{"embeddable":true,"href":"https:\/\/umbicap.com\/index.php?rest_route=%2Fwp%2Fv2%2Fcomments&post=21680"}],"version-history":[{"count":1,"href":"https:\/\/umbicap.com\/index.php?rest_route=\/wp\/v2\/product\/21680\/revisions"}],"predecessor-version":[{"id":21687,"href":"https:\/\/umbicap.com\/index.php?rest_route=\/wp\/v2\/product\/21680\/revisions\/21687"}],"wp:featuredmedia":[{"embeddable":true,"href":"https:\/\/umbicap.com\/index.php?rest_route=\/wp\/v2\/media\/13905"}],"wp:attachment":[{"href":"https:\/\/umbicap.com\/index.php?rest_route=%2Fwp%2Fv2%2Fmedia&parent=21680"}],"wp:term":[{"taxonomy":"product_brand","embeddable":true,"href":"https:\/\/umbicap.com\/index.php?rest_route=%2Fwp%2Fv2%2Fproduct_brand&post=21680"},{"taxonomy":"product_cat","embeddable":true,"href":"https:\/\/umbicap.com\/index.php?rest_route=%2Fwp%2Fv2%2Fproduct_cat&post=21680"},{"taxonomy":"product_tag","embeddable":true,"href":"https:\/\/umbicap.com\/index.php?rest_route=%2Fwp%2Fv2%2Fproduct_tag&post=21680"}],"curies":[{"name":"wp","href":"https:\/\/api.w.org\/{rel}","templated":true}]}}