{"id":21808,"date":"2025-07-25T17:01:39","date_gmt":"2025-07-25T17:01:39","guid":{"rendered":"https:\/\/umbidesign.xyz\/?product=veste-softshell-femme-antartida-6433"},"modified":"2025-08-10T14:55:57","modified_gmt":"2025-08-10T14:55:57","slug":"veste-softshell-femme-antartida-6433","status":"publish","type":"product","link":"https:\/\/umbicap.com\/?produit=veste-softshell-femme-antartida-6433&lang=fr","title":{"rendered":"Veste softshell femme ANTARTIDA 6433"},"content":{"rendered":"\t\t<div data-elementor-type=\"wp-post\" data-elementor-id=\"21808\" class=\"elementor elementor-21808 elementor-9091\">\n\t\t\t\t<div class=\"elementor-element elementor-element-386d97ed e-flex e-con-boxed e-con e-parent\" data-id=\"386d97ed\" data-element_type=\"container\">\n\t\t\t\t\t<div class=\"e-con-inner\">\n\t\t\t\t<div class=\"elementor-element elementor-element-50161d52 elementor-widget elementor-widget-text-editor\" data-id=\"50161d52\" data-element_type=\"widget\" data-widget_type=\"text-editor.default\">\n\t\t\t\t<div class=\"elementor-widget-container\">\n\t\t\t\t\t\t\t\t\t<p class=\"\" data-v-0dde63d0=\"\"><em>Mod\u00e8le :<\/em><br><em>Taille S | Taille 170 cm<\/em><\/p><p class=\"composition-text\" data-v-0dde63d0=\"\">Mati\u00e8re :<br>Deux couches.<br>&#8211; Ext\u00e9rieur : <strong>92% polyester \/ 8% \u00e9lasthanne<\/strong>.<br>&#8211; Int\u00e9rieur : <strong>100% polyester micro-polaris\u00e9<\/strong> extra-chaud.<br>&#8211; <strong>300 g\/m\u00b2<\/strong>.<\/p><ul><li class=\"observation-text\">Manches de Reglan.<\/li><li class=\"observation-text\">Pluies de 1 000 mm.<\/li><li class=\"observation-text\">R\u00e9sistant \u00e0 l&#8217;eau.<\/li><li class=\"observation-text\">Tissu coupe-vent.<\/li><li class=\"observation-text\">Double concept.<\/li><li class=\"observation-text\">Soyez conscient des limites de ce type de tissu et de la n\u00e9cessit\u00e9 de le prot\u00e9ger contre la migration des encres de conception lorsque vous le personnalisez ou l&#8217;imprimez.<\/li><\/ul>\t\t\t\t\t\t\t\t<\/div>\n\t\t\t\t<\/div>\n\t\t\t\t\t<\/div>\n\t\t\t\t<\/div>\n\t\t\t\t<\/div>\n\t\t","protected":false},"excerpt":{"rendered":"<p class=\"product-short-desc \" data-v-0dde63d0=\"\"><strong>Coquille souple compos\u00e9e de 2 couches.<\/strong><\/p>\n<p class=\"product-short-desc \" data-v-0dde63d0=\"\">Fermeture \u00e0 glissi\u00e8re invers\u00e9e.<br \/>\nFermeture frontale par le haut (mod\u00e8le homme uniquement).<br \/>\nTrois poches ext\u00e9rieures zipp\u00e9es, avec tirette zipp\u00e9e assortie au ton de la veste.<br \/>\nR\u00e9glages aux poignets par velcro.<br \/>\nCeinture avec cordon de serrage \u00e9lastique et r\u00e9glages.<\/p>\n<p class=\"p1\"><b>Les tailles enfant sont disponibles <\/b>dans un choix de couleurs<i>(voir <\/i><b><i>d\u00e9tails<\/i><\/b>).<\/p>\n","protected":false},"featured_media":15498,"comment_status":"closed","ping_status":"closed","template":"","meta":[],"product_brand":[],"product_cat":[370,430,319,385],"product_tag":[],"class_list":{"0":"post-21808","1":"product","2":"type-product","3":"status-publish","4":"has-post-thumbnail","6":"product_cat-femme","7":"product_cat-softshell-fr-2","8":"product_cat-tous","9":"product_cat-veste-fr-2","11":"first","12":"instock","13":"featured","14":"shipping-taxable","15":"purchasable","16":"product-type-variable"},"_links":{"self":[{"href":"https:\/\/umbicap.com\/index.php?rest_route=\/wp\/v2\/product\/21808","targetHints":{"allow":["GET"]}}],"collection":[{"href":"https:\/\/umbicap.com\/index.php?rest_route=\/wp\/v2\/product"}],"about":[{"href":"https:\/\/umbicap.com\/index.php?rest_route=\/wp\/v2\/types\/product"}],"replies":[{"embeddable":true,"href":"https:\/\/umbicap.com\/index.php?rest_route=%2Fwp%2Fv2%2Fcomments&post=21808"}],"version-history":[{"count":1,"href":"https:\/\/umbicap.com\/index.php?rest_route=\/wp\/v2\/product\/21808\/revisions"}],"predecessor-version":[{"id":21815,"href":"https:\/\/umbicap.com\/index.php?rest_route=\/wp\/v2\/product\/21808\/revisions\/21815"}],"wp:featuredmedia":[{"embeddable":true,"href":"https:\/\/umbicap.com\/index.php?rest_route=\/wp\/v2\/media\/15498"}],"wp:attachment":[{"href":"https:\/\/umbicap.com\/index.php?rest_route=%2Fwp%2Fv2%2Fmedia&parent=21808"}],"wp:term":[{"taxonomy":"product_brand","embeddable":true,"href":"https:\/\/umbicap.com\/index.php?rest_route=%2Fwp%2Fv2%2Fproduct_brand&post=21808"},{"taxonomy":"product_cat","embeddable":true,"href":"https:\/\/umbicap.com\/index.php?rest_route=%2Fwp%2Fv2%2Fproduct_cat&post=21808"},{"taxonomy":"product_tag","embeddable":true,"href":"https:\/\/umbicap.com\/index.php?rest_route=%2Fwp%2Fv2%2Fproduct_tag&post=21808"}],"curies":[{"name":"wp","href":"https:\/\/api.w.org\/{rel}","templated":true}]}}