{"id":21894,"date":"2025-07-25T01:20:06","date_gmt":"2025-07-25T01:20:06","guid":{"rendered":"https:\/\/umbidesign.xyz\/?product=sweat-a-capuche-badet-duo"},"modified":"2025-08-10T14:54:46","modified_gmt":"2025-08-10T14:54:46","slug":"sweat-a-capuche-badet-duo","status":"publish","type":"product","link":"https:\/\/umbicap.com\/?produit=sweat-a-capuche-badet-duo&lang=fr","title":{"rendered":"Sweat \u00e0 capuche BADET duo"},"content":{"rendered":"\t\t<div data-elementor-type=\"wp-post\" data-elementor-id=\"21894\" class=\"elementor elementor-21894 elementor-8591\">\n\t\t\t\t<div class=\"elementor-element elementor-element-386d97ed e-flex e-con-boxed e-con e-parent\" data-id=\"386d97ed\" data-element_type=\"container\">\n\t\t\t\t\t<div class=\"e-con-inner\">\n\t\t\t\t<div class=\"elementor-element elementor-element-50161d52 elementor-widget elementor-widget-text-editor\" data-id=\"50161d52\" data-element_type=\"widget\" data-widget_type=\"text-editor.default\">\n\t\t\t\t<div class=\"elementor-widget-container\">\n\t\t\t\t\t\t\t\t\t<p class=\"\" data-v-0dde63d0=\"\"><em>Mod\u00e8le :<\/em><br><em>Taille M | Taille 172 cm<\/em><\/p><ul><li class=\"observation-text\">\u00c9tiquette amovible.<\/li><li class=\"observation-text\">Disponible en taille enfant.<\/li><li class=\"observation-text\">Double concept.<\/li><\/ul><p class=\"composition-text\" data-v-0dde63d0=\"\">Mati\u00e8re :<br><strong>50% coton \/ 50% polyester, peluche card\u00e9e<\/strong><br><strong>280 g\/m\u00b2<\/strong>.<\/p><p class=\"composition-text\" data-v-0dde63d0=\"\">Gris m\u00e9lang\u00e9 : 55% coton \/ 40% polyester \/ 5% viscose.<\/p><ul><li><strong>Tailles enfants disponibles dans les couleurs Duo suivantes<\/strong>:<br>Gris Melange + Rose Clair \/\/ Gris Melange + Rouge \/\/ Gris Melange + Bourgogne \/\/ Gris Melange + Violet \/\/ Gris Melange + Bleu Royal \/\/ Gris Melange + Vert Bouteille \/\/ Gris Melange + Noir \/\/ Bleu Marine + Gris Melange \/\/ Noir + Gris Melange<\/li><\/ul>\t\t\t\t\t\t\t\t<\/div>\n\t\t\t\t<\/div>\n\t\t\t\t\t<\/div>\n\t\t\t\t<\/div>\n\t\t\t\t<\/div>\n\t\t","protected":false},"excerpt":{"rendered":"<p><strong>Sweat bicolore avec capuche, unisexe.<\/strong><\/p>\n<p>Capuche avec col crois\u00e9 et \u0153illets m\u00e9talliques, cordons de serrage int\u00e9rieurs et contrast\u00e9s.<br \/>\nManches en reglan contrast\u00e9.<br \/>\nPoche kangourou. Poignets et ceinture c\u00f4tel\u00e9s en \u00e9lasthanne 1&#215;1. <\/p>\n<p><strong>Des tailles enfant sont disponibles <\/strong>dans un choix de couleurs <em>(voir <strong>d\u00e9tails<\/strong>).<\/em><\/p>\n","protected":false},"featured_media":14784,"comment_status":"closed","ping_status":"closed","template":"","meta":[],"product_brand":[],"product_cat":[370,389,388,368,387,319,384],"product_tag":[],"class_list":{"0":"post-21894","1":"product","2":"type-product","3":"status-publish","4":"has-post-thumbnail","6":"product_cat-femme","7":"product_cat-femme-a-capuche","8":"product_cat-homme-a-capuche","9":"product_cat-lhomme","10":"product_cat-sweat-a-capuche","11":"product_cat-tous","12":"product_cat-unisexe","14":"first","15":"instock","16":"featured","17":"shipping-taxable","18":"purchasable","19":"product-type-variable"},"_links":{"self":[{"href":"https:\/\/umbicap.com\/index.php?rest_route=\/wp\/v2\/product\/21894","targetHints":{"allow":["GET"]}}],"collection":[{"href":"https:\/\/umbicap.com\/index.php?rest_route=\/wp\/v2\/product"}],"about":[{"href":"https:\/\/umbicap.com\/index.php?rest_route=\/wp\/v2\/types\/product"}],"replies":[{"embeddable":true,"href":"https:\/\/umbicap.com\/index.php?rest_route=%2Fwp%2Fv2%2Fcomments&post=21894"}],"version-history":[{"count":1,"href":"https:\/\/umbicap.com\/index.php?rest_route=\/wp\/v2\/product\/21894\/revisions"}],"predecessor-version":[{"id":21906,"href":"https:\/\/umbicap.com\/index.php?rest_route=\/wp\/v2\/product\/21894\/revisions\/21906"}],"wp:featuredmedia":[{"embeddable":true,"href":"https:\/\/umbicap.com\/index.php?rest_route=\/wp\/v2\/media\/14784"}],"wp:attachment":[{"href":"https:\/\/umbicap.com\/index.php?rest_route=%2Fwp%2Fv2%2Fmedia&parent=21894"}],"wp:term":[{"taxonomy":"product_brand","embeddable":true,"href":"https:\/\/umbicap.com\/index.php?rest_route=%2Fwp%2Fv2%2Fproduct_brand&post=21894"},{"taxonomy":"product_cat","embeddable":true,"href":"https:\/\/umbicap.com\/index.php?rest_route=%2Fwp%2Fv2%2Fproduct_cat&post=21894"},{"taxonomy":"product_tag","embeddable":true,"href":"https:\/\/umbicap.com\/index.php?rest_route=%2Fwp%2Fv2%2Fproduct_tag&post=21894"}],"curies":[{"name":"wp","href":"https:\/\/api.w.org\/{rel}","templated":true}]}}