{"id":21941,"date":"2025-07-17T18:24:18","date_gmt":"2025-07-17T18:24:18","guid":{"rendered":"https:\/\/umbidesign.xyz\/?product=sol-220-pole"},"modified":"2025-08-10T14:54:47","modified_gmt":"2025-08-10T14:54:47","slug":"sol-220-pole","status":"publish","type":"product","link":"https:\/\/umbicap.com\/?produit=sol-220-pole&lang=fr","title":{"rendered":"SOL 220 p\u00f4le"},"content":{"rendered":"\t\t<div data-elementor-type=\"wp-post\" data-elementor-id=\"21941\" class=\"elementor elementor-21941 elementor-7276\">\n\t\t\t\t<div class=\"elementor-element elementor-element-386d97ed e-flex e-con-boxed e-con e-parent\" data-id=\"386d97ed\" data-element_type=\"container\">\n\t\t\t\t\t<div class=\"e-con-inner\">\n\t\t\t\t<div class=\"elementor-element elementor-element-50161d52 elementor-widget elementor-widget-text-editor\" data-id=\"50161d52\" data-element_type=\"widget\" data-widget_type=\"text-editor.default\">\n\t\t\t\t<div class=\"elementor-widget-container\">\n\t\t\t\t\t\t\t\t\t<ul><li>Tissu piqu\u00e9.<\/li><li>Patte de boutonnage avec 2 boutons color\u00e9s.<\/li><li>Peugagola et manches c\u00f4tel\u00e9es.<\/li><li>A\u00e9rations lat\u00e9rales.<\/li><li>210 g\/m\u00b2<\/li><li>100% coton peign\u00e9 avec pr\u00e9-r\u00e9tr\u00e9cissement<\/li><li>3XL : blanc, gris m\u00e9lang\u00e9, noir, bleu royal, rouge, bleu marine<\/li><li>Gris m\u00e9lang\u00e9 &#8211; 85% coton \/ 15% viscose<\/li><li>Fr\u00eane m\u00e9lang\u00e9 &#8211; 98% coton \/ 2% viscose<\/li><li>\u00c9tiquette amovible<\/li><\/ul><p><strong>100% coton<\/strong> peign\u00e9 pr\u00e9-r\u00e9tr\u00e9ci.<br>Poids : <strong>210 g\/m\u00b2<\/strong>.<\/p>\t\t\t\t\t\t\t\t<\/div>\n\t\t\t\t<\/div>\n\t\t\t\t\t<\/div>\n\t\t\t\t<\/div>\n\t\t\t\t<\/div>\n\t\t","protected":false},"excerpt":{"rendered":"<p><strong>Polo piqu\u00e9 \u00e0 manches courtes, 100% coton<\/strong>.<\/p>\n<p>Id\u00e9al pour la broderie.<\/p>\n","protected":false},"featured_media":12585,"comment_status":"closed","ping_status":"closed","template":"","meta":[],"product_brand":[],"product_cat":[368,416,319],"product_tag":[],"class_list":{"0":"post-21941","1":"product","2":"type-product","3":"status-publish","4":"has-post-thumbnail","6":"product_cat-lhomme","7":"product_cat-polo-fr","8":"product_cat-tous","10":"first","11":"instock","12":"featured","13":"shipping-taxable","14":"purchasable","15":"product-type-variable"},"_links":{"self":[{"href":"https:\/\/umbicap.com\/index.php?rest_route=\/wp\/v2\/product\/21941","targetHints":{"allow":["GET"]}}],"collection":[{"href":"https:\/\/umbicap.com\/index.php?rest_route=\/wp\/v2\/product"}],"about":[{"href":"https:\/\/umbicap.com\/index.php?rest_route=\/wp\/v2\/types\/product"}],"replies":[{"embeddable":true,"href":"https:\/\/umbicap.com\/index.php?rest_route=%2Fwp%2Fv2%2Fcomments&post=21941"}],"version-history":[{"count":1,"href":"https:\/\/umbicap.com\/index.php?rest_route=\/wp\/v2\/product\/21941\/revisions"}],"predecessor-version":[{"id":21973,"href":"https:\/\/umbicap.com\/index.php?rest_route=\/wp\/v2\/product\/21941\/revisions\/21973"}],"wp:featuredmedia":[{"embeddable":true,"href":"https:\/\/umbicap.com\/index.php?rest_route=\/wp\/v2\/media\/12585"}],"wp:attachment":[{"href":"https:\/\/umbicap.com\/index.php?rest_route=%2Fwp%2Fv2%2Fmedia&parent=21941"}],"wp:term":[{"taxonomy":"product_brand","embeddable":true,"href":"https:\/\/umbicap.com\/index.php?rest_route=%2Fwp%2Fv2%2Fproduct_brand&post=21941"},{"taxonomy":"product_cat","embeddable":true,"href":"https:\/\/umbicap.com\/index.php?rest_route=%2Fwp%2Fv2%2Fproduct_cat&post=21941"},{"taxonomy":"product_tag","embeddable":true,"href":"https:\/\/umbicap.com\/index.php?rest_route=%2Fwp%2Fv2%2Fproduct_tag&post=21941"}],"curies":[{"name":"wp","href":"https:\/\/api.w.org\/{rel}","templated":true}]}}