{"id":21972,"date":"2025-07-09T11:32:23","date_gmt":"2025-07-09T11:32:23","guid":{"rendered":"https:\/\/umbidesign.xyz\/?product=concha-250-t-shirt"},"modified":"2025-08-10T15:01:59","modified_gmt":"2025-08-10T15:01:59","slug":"concha-250-t-shirt","status":"publish","type":"product","link":"https:\/\/umbicap.com\/?produkt=concha-250-t-shirt&lang=de","title":{"rendered":"CONCHA 250-T-Shirt"},"content":{"rendered":"\t\t<div data-elementor-type=\"wp-post\" data-elementor-id=\"21972\" class=\"elementor elementor-21972 elementor-7055\">\n\t\t\t\t<div class=\"elementor-element elementor-element-386d97ed e-flex e-con-boxed e-con e-parent\" data-id=\"386d97ed\" data-element_type=\"container\">\n\t\t\t\t\t<div class=\"e-con-inner\">\n\t\t\t\t<div class=\"elementor-element elementor-element-50161d52 elementor-widget elementor-widget-text-editor\" data-id=\"50161d52\" data-element_type=\"widget\" data-widget_type=\"text-editor.default\">\n\t\t\t\t<div class=\"elementor-widget-container\">\n\t\t\t\t\t\t\t\t\t<ul><li>Geg\u00fcrteter Schnitt.<\/li><li>Doppeln\u00e4hte an Hals, \u00c4rmeln und Boden.<\/li><li>1&#215;1 gerippter Kragen.<\/li><li>Grau meliert &#8211; 85% Baumwolle \/ 15% Viskose<\/li><li>Abnehmbares Etikett<\/li><\/ul><p><strong>100% Baumwolle<\/strong>.<br>Gewicht: <strong>145 g\/m\u00b2<\/strong><\/p>\t\t\t\t\t\t\t\t<\/div>\n\t\t\t\t<\/div>\n\t\t\t\t\t<\/div>\n\t\t\t\t<\/div>\n\t\t\t\t<\/div>\n\t\t","protected":false},"excerpt":{"rendered":"<p><strong>Basic-T-Shirt in gro\u00dfen Gr\u00f6\u00dfen f\u00fcr Frauen, kurze \u00c4rmel und 100% Baumwolle<\/strong>.<\/p>\n<p>Ideal f\u00fcr die Personalisierung mit Siebdruck, Vinyl, Transfer und Digitaldruck.<br \/>\nAuch f\u00fcr M\u00e4nner und Kinder erh\u00e4ltlich.<\/p>\n","protected":false},"featured_media":12109,"comment_status":"closed","ping_status":"closed","template":"","meta":[],"product_brand":[],"product_cat":[320,372,441],"product_tag":[],"class_list":{"0":"post-21972","1":"product","2":"type-product","3":"status-publish","4":"has-post-thumbnail","6":"product_cat-alle","7":"product_cat-frau","8":"product_cat-t-shirt-de-2","10":"first","11":"instock","12":"featured","13":"shipping-taxable","14":"purchasable","15":"product-type-variable"},"_links":{"self":[{"href":"https:\/\/umbicap.com\/index.php?rest_route=\/wp\/v2\/product\/21972","targetHints":{"allow":["GET"]}}],"collection":[{"href":"https:\/\/umbicap.com\/index.php?rest_route=\/wp\/v2\/product"}],"about":[{"href":"https:\/\/umbicap.com\/index.php?rest_route=\/wp\/v2\/types\/product"}],"replies":[{"embeddable":true,"href":"https:\/\/umbicap.com\/index.php?rest_route=%2Fwp%2Fv2%2Fcomments&post=21972"}],"version-history":[{"count":1,"href":"https:\/\/umbicap.com\/index.php?rest_route=\/wp\/v2\/product\/21972\/revisions"}],"predecessor-version":[{"id":21983,"href":"https:\/\/umbicap.com\/index.php?rest_route=\/wp\/v2\/product\/21972\/revisions\/21983"}],"wp:featuredmedia":[{"embeddable":true,"href":"https:\/\/umbicap.com\/index.php?rest_route=\/wp\/v2\/media\/12109"}],"wp:attachment":[{"href":"https:\/\/umbicap.com\/index.php?rest_route=%2Fwp%2Fv2%2Fmedia&parent=21972"}],"wp:term":[{"taxonomy":"product_brand","embeddable":true,"href":"https:\/\/umbicap.com\/index.php?rest_route=%2Fwp%2Fv2%2Fproduct_brand&post=21972"},{"taxonomy":"product_cat","embeddable":true,"href":"https:\/\/umbicap.com\/index.php?rest_route=%2Fwp%2Fv2%2Fproduct_cat&post=21972"},{"taxonomy":"product_tag","embeddable":true,"href":"https:\/\/umbicap.com\/index.php?rest_route=%2Fwp%2Fv2%2Fproduct_tag&post=21972"}],"curies":[{"name":"wp","href":"https:\/\/api.w.org\/{rel}","templated":true}]}}