{"id":21984,"date":"2025-07-17T17:21:10","date_gmt":"2025-07-17T17:21:10","guid":{"rendered":"https:\/\/umbidesign.xyz\/?product=polo-soly-220"},"modified":"2025-08-10T14:54:47","modified_gmt":"2025-08-10T14:54:47","slug":"polo-soly-220","status":"publish","type":"product","link":"https:\/\/umbicap.com\/?produit=polo-soly-220&lang=fr","title":{"rendered":"Polo SOLY 220"},"content":{"rendered":"\t\t<div data-elementor-type=\"wp-post\" data-elementor-id=\"21984\" class=\"elementor elementor-21984 elementor-7229\">\n\t\t\t\t<div class=\"elementor-element elementor-element-386d97ed e-flex e-con-boxed e-con e-parent\" data-id=\"386d97ed\" data-element_type=\"container\">\n\t\t\t\t\t<div class=\"e-con-inner\">\n\t\t\t\t<div class=\"elementor-element elementor-element-50161d52 elementor-widget elementor-widget-text-editor\" data-id=\"50161d52\" data-element_type=\"widget\" data-widget_type=\"text-editor.default\">\n\t\t\t\t<div class=\"elementor-widget-container\">\n\t\t\t\t\t\t\t\t\t<ul><li>Tissu piqu\u00e9.<\/li><li>Coupe ceintur\u00e9e.<\/li><li>Carcasse avec 3 boutons color\u00e9s.<\/li><li>Peugagola et manches c\u00f4tel\u00e9es.<\/li><li>A\u00e9rations lat\u00e9rales.<\/li><li>Gris m\u00e9lang\u00e9 &#8211; 85% coton \/ 15% viscose<\/li><li>Fr\u00eane m\u00e9lang\u00e9 &#8211; 98% coton \/ 2% viscose<\/li><li>\u00c9tiquette amovible<\/li><\/ul><p><strong>100% coton<\/strong> peign\u00e9 pr\u00e9-r\u00e9tr\u00e9ci.<br>Poids : <strong>200 g\/m\u00b2<\/strong>.<\/p>\t\t\t\t\t\t\t\t<\/div>\n\t\t\t\t<\/div>\n\t\t\t\t\t<\/div>\n\t\t\t\t<\/div>\n\t\t\t\t<\/div>\n\t\t","protected":false},"excerpt":{"rendered":"<p><strong>Polo piqu\u00e9 pour femme \u00e0 manches courtes, 100% coton, l\u00e9g\u00e8rement cintr\u00e9 et avec \u00e9tiquette amovible<\/strong>.<\/p>\n<p>Id\u00e9al pour la broderie, la s\u00e9rigraphie ou la personnalisation par transfert ou vinyle.<br \/>\nEgalement disponible pour les hommes, les enfants et les grandes tailles.<\/p>\n","protected":false},"featured_media":12501,"comment_status":"closed","ping_status":"closed","template":"","meta":[],"product_brand":[],"product_cat":[370,442,319],"product_tag":[],"class_list":{"0":"post-21984","1":"product","2":"type-product","3":"status-publish","4":"has-post-thumbnail","6":"product_cat-femme","7":"product_cat-polo-fr-2","8":"product_cat-tous","10":"first","11":"instock","12":"featured","13":"shipping-taxable","14":"purchasable","15":"product-type-variable"},"_links":{"self":[{"href":"https:\/\/umbicap.com\/index.php?rest_route=\/wp\/v2\/product\/21984","targetHints":{"allow":["GET"]}}],"collection":[{"href":"https:\/\/umbicap.com\/index.php?rest_route=\/wp\/v2\/product"}],"about":[{"href":"https:\/\/umbicap.com\/index.php?rest_route=\/wp\/v2\/types\/product"}],"replies":[{"embeddable":true,"href":"https:\/\/umbicap.com\/index.php?rest_route=%2Fwp%2Fv2%2Fcomments&post=21984"}],"version-history":[{"count":1,"href":"https:\/\/umbicap.com\/index.php?rest_route=\/wp\/v2\/product\/21984\/revisions"}],"predecessor-version":[{"id":21994,"href":"https:\/\/umbicap.com\/index.php?rest_route=\/wp\/v2\/product\/21984\/revisions\/21994"}],"wp:featuredmedia":[{"embeddable":true,"href":"https:\/\/umbicap.com\/index.php?rest_route=\/wp\/v2\/media\/12501"}],"wp:attachment":[{"href":"https:\/\/umbicap.com\/index.php?rest_route=%2Fwp%2Fv2%2Fmedia&parent=21984"}],"wp:term":[{"taxonomy":"product_brand","embeddable":true,"href":"https:\/\/umbicap.com\/index.php?rest_route=%2Fwp%2Fv2%2Fproduct_brand&post=21984"},{"taxonomy":"product_cat","embeddable":true,"href":"https:\/\/umbicap.com\/index.php?rest_route=%2Fwp%2Fv2%2Fproduct_cat&post=21984"},{"taxonomy":"product_tag","embeddable":true,"href":"https:\/\/umbicap.com\/index.php?rest_route=%2Fwp%2Fv2%2Fproduct_tag&post=21984"}],"curies":[{"name":"wp","href":"https:\/\/api.w.org\/{rel}","templated":true}]}}