{"id":22009,"date":"2025-07-03T14:45:42","date_gmt":"2025-07-03T14:45:42","guid":{"rendered":"https:\/\/umbidesign.xyz\/?product=terra-160-t-shirt"},"modified":"2025-08-10T15:01:59","modified_gmt":"2025-08-10T15:01:59","slug":"terra-160-t-shirt","status":"publish","type":"product","link":"https:\/\/umbicap.com\/?produkt=terra-160-t-shirt&lang=de","title":{"rendered":"TERRA 160 T-shirt"},"content":{"rendered":"\t\t<div data-elementor-type=\"wp-post\" data-elementor-id=\"22009\" class=\"elementor elementor-22009 elementor-6661\">\n\t\t\t\t<div class=\"elementor-element elementor-element-386d97ed e-flex e-con-boxed e-con e-parent\" data-id=\"386d97ed\" data-element_type=\"container\">\n\t\t\t\t\t<div class=\"e-con-inner\">\n\t\t\t\t<div class=\"elementor-element elementor-element-50161d52 elementor-widget elementor-widget-text-editor\" data-id=\"50161d52\" data-element_type=\"widget\" data-widget_type=\"text-editor.default\">\n\t\t\t\t<div class=\"elementor-widget-container\">\n\t\t\t\t\t\t\t\t\t<ul><li>R\u00f6hrenf\u00f6rmiges Gewebe.<\/li><li>Doppeln\u00e4hte an \u00c4rmeln und Boden.<\/li><li>Schulter-zu-Schulter-Verst\u00e4rkung.<\/li><li>Kragen aus Elastan.<\/li><li>3XL: Schwarz, Marineblau, K\u00f6nigsblau, Wei\u00df, Rot, Orange, Himmelblau, Grau-Melange, Graphit, T\u00fcrkis, LM, Kellygr\u00fcn, Flaschengr\u00fcn<\/li><li>4XL-5XL: Wei\u00df, Grau Melange, Schwarz, Himmelblau, Orange, Rot, K\u00f6nigsblau, Marineblau, Flaschengr\u00fcn.<\/li><li>Grau meliert &#8211; 85% Baumwolle \/ 15% Viskose<\/li><li>Aschemelange &#8211; 98% Baumwolle \/ 2% Viskose<\/li><li>Abnehmbares Etikett<\/li><\/ul><p>100% Baumwolle mit Vorschrumpfung.<br>Gewicht: ca. 155 g\/m\u00b2.<\/p>\t\t\t\t\t\t\t\t<\/div>\n\t\t\t\t<\/div>\n\t\t\t\t\t<\/div>\n\t\t\t\t<\/div>\n\t\t\t\t<\/div>\n\t\t","protected":false},"excerpt":{"rendered":"<p><strong>Herren-T-Shirt mit kurzen \u00c4rmeln, 100% Baumwolle<\/strong>.<\/p>\n<p>Ideal f\u00fcr die Personalisierung mit Sieb-, Vinyl-, Transfer- und Digitaldruck.<br \/>\nAuch f\u00fcr Frauen, Kinder und gro\u00dfe Gr\u00f6\u00dfen erh\u00e4ltlich.<\/p>\n<p><strong>Gr\u00f6\u00dfen XS bis 5XL<\/strong>.<\/p>\n","protected":false},"featured_media":11776,"comment_status":"closed","ping_status":"closed","template":"","meta":[],"product_brand":[],"product_cat":[320,376,409,400],"product_tag":[],"class_list":{"0":"post-22009","1":"product","2":"type-product","3":"status-publish","4":"has-post-thumbnail","6":"product_cat-alle","7":"product_cat-mann","8":"product_cat-t-shirt-de","9":"product_cat-unisex-de","11":"first","12":"instock","13":"featured","14":"shipping-taxable","15":"purchasable","16":"product-type-variable"},"_links":{"self":[{"href":"https:\/\/umbicap.com\/index.php?rest_route=\/wp\/v2\/product\/22009","targetHints":{"allow":["GET"]}}],"collection":[{"href":"https:\/\/umbicap.com\/index.php?rest_route=\/wp\/v2\/product"}],"about":[{"href":"https:\/\/umbicap.com\/index.php?rest_route=\/wp\/v2\/types\/product"}],"replies":[{"embeddable":true,"href":"https:\/\/umbicap.com\/index.php?rest_route=%2Fwp%2Fv2%2Fcomments&post=22009"}],"version-history":[{"count":3,"href":"https:\/\/umbicap.com\/index.php?rest_route=\/wp\/v2\/product\/22009\/revisions"}],"predecessor-version":[{"id":22106,"href":"https:\/\/umbicap.com\/index.php?rest_route=\/wp\/v2\/product\/22009\/revisions\/22106"}],"wp:featuredmedia":[{"embeddable":true,"href":"https:\/\/umbicap.com\/index.php?rest_route=\/wp\/v2\/media\/11776"}],"wp:attachment":[{"href":"https:\/\/umbicap.com\/index.php?rest_route=%2Fwp%2Fv2%2Fmedia&parent=22009"}],"wp:term":[{"taxonomy":"product_brand","embeddable":true,"href":"https:\/\/umbicap.com\/index.php?rest_route=%2Fwp%2Fv2%2Fproduct_brand&post=22009"},{"taxonomy":"product_cat","embeddable":true,"href":"https:\/\/umbicap.com\/index.php?rest_route=%2Fwp%2Fv2%2Fproduct_cat&post=22009"},{"taxonomy":"product_tag","embeddable":true,"href":"https:\/\/umbicap.com\/index.php?rest_route=%2Fwp%2Fv2%2Fproduct_tag&post=22009"}],"curies":[{"name":"wp","href":"https:\/\/api.w.org\/{rel}","templated":true}]}}