{"id":22117,"date":"2025-07-08T10:58:59","date_gmt":"2025-07-08T10:58:59","guid":{"rendered":"https:\/\/umbidesign.xyz\/?product=t-shirt-perola-160"},"modified":"2025-08-10T14:54:10","modified_gmt":"2025-08-10T14:54:10","slug":"t-shirt-perola-160","status":"publish","type":"product","link":"https:\/\/umbicap.com\/?produit=t-shirt-perola-160&lang=fr","title":{"rendered":"T-shirt PEROLA 160"},"content":{"rendered":"\t\t<div data-elementor-type=\"wp-post\" data-elementor-id=\"22117\" class=\"elementor elementor-22117 elementor-6777\">\n\t\t\t\t<div class=\"elementor-element elementor-element-386d97ed e-flex e-con-boxed e-con e-parent\" data-id=\"386d97ed\" data-element_type=\"container\">\n\t\t\t\t\t<div class=\"e-con-inner\">\n\t\t\t\t<div class=\"elementor-element elementor-element-50161d52 elementor-widget elementor-widget-text-editor\" data-id=\"50161d52\" data-element_type=\"widget\" data-widget_type=\"text-editor.default\">\n\t\t\t\t<div class=\"elementor-widget-container\">\n\t\t\t\t\t\t\t\t\t<ul><li>Coutures lat\u00e9rales.<\/li><li>Coupe ceintur\u00e9e.<\/li><li>Point lisse.<\/li><\/ul><p>Composition :<\/p><ul><li>M\u00e9lange gris &#8211; 85% coton \/ 15% viscose<\/li><\/ul><p><strong>100% coton<\/strong> pr\u00e9-r\u00e9tr\u00e9ci.<br>Poids : <strong>170 g\/m\u00b2<\/strong>. environ.<\/p>\t\t\t\t\t\t\t\t<\/div>\n\t\t\t\t<\/div>\n\t\t\t\t\t<\/div>\n\t\t\t\t<\/div>\n\t\t\t\t<\/div>\n\t\t","protected":false},"excerpt":{"rendered":"<p><strong>T-shirt pour fille \u00e0 manches courtes, l\u00e9g\u00e8rement ajust\u00e9.<\/strong><\/p>\n<p><strong>100% coton.<\/strong><\/p>\n<p>\u00c9tiquette amovible.<\/p>\n","protected":false},"featured_media":11880,"comment_status":"closed","ping_status":"closed","template":"","meta":[],"product_brand":[],"product_cat":[370,444,319],"product_tag":[],"class_list":{"0":"post-22117","1":"product","2":"type-product","3":"status-publish","4":"has-post-thumbnail","6":"product_cat-femme","7":"product_cat-t-shirt-fr","8":"product_cat-tous","10":"first","11":"instock","12":"featured","13":"shipping-taxable","14":"purchasable","15":"product-type-variable"},"_links":{"self":[{"href":"https:\/\/umbicap.com\/index.php?rest_route=\/wp\/v2\/product\/22117","targetHints":{"allow":["GET"]}}],"collection":[{"href":"https:\/\/umbicap.com\/index.php?rest_route=\/wp\/v2\/product"}],"about":[{"href":"https:\/\/umbicap.com\/index.php?rest_route=\/wp\/v2\/types\/product"}],"replies":[{"embeddable":true,"href":"https:\/\/umbicap.com\/index.php?rest_route=%2Fwp%2Fv2%2Fcomments&post=22117"}],"version-history":[{"count":1,"href":"https:\/\/umbicap.com\/index.php?rest_route=\/wp\/v2\/product\/22117\/revisions"}],"predecessor-version":[{"id":22138,"href":"https:\/\/umbicap.com\/index.php?rest_route=\/wp\/v2\/product\/22117\/revisions\/22138"}],"wp:featuredmedia":[{"embeddable":true,"href":"https:\/\/umbicap.com\/index.php?rest_route=\/wp\/v2\/media\/11880"}],"wp:attachment":[{"href":"https:\/\/umbicap.com\/index.php?rest_route=%2Fwp%2Fv2%2Fmedia&parent=22117"}],"wp:term":[{"taxonomy":"product_brand","embeddable":true,"href":"https:\/\/umbicap.com\/index.php?rest_route=%2Fwp%2Fv2%2Fproduct_brand&post=22117"},{"taxonomy":"product_cat","embeddable":true,"href":"https:\/\/umbicap.com\/index.php?rest_route=%2Fwp%2Fv2%2Fproduct_cat&post=22117"},{"taxonomy":"product_tag","embeddable":true,"href":"https:\/\/umbicap.com\/index.php?rest_route=%2Fwp%2Fv2%2Fproduct_tag&post=22117"}],"curies":[{"name":"wp","href":"https:\/\/api.w.org\/{rel}","templated":true}]}}