{"id":22162,"date":"2025-07-17T17:21:10","date_gmt":"2025-07-17T17:21:10","guid":{"rendered":"https:\/\/umbidesign.xyz\/?product=polospiel-soly-220"},"modified":"2025-08-10T15:01:31","modified_gmt":"2025-08-10T15:01:31","slug":"polospiel-soly-220","status":"publish","type":"product","link":"https:\/\/umbicap.com\/?produkt=polospiel-soly-220&lang=de","title":{"rendered":"Polospiel SOLY 220"},"content":{"rendered":"\t\t<div data-elementor-type=\"wp-post\" data-elementor-id=\"22162\" class=\"elementor elementor-22162 elementor-7229\">\n\t\t\t\t<div class=\"elementor-element elementor-element-386d97ed e-flex e-con-boxed e-con e-parent\" data-id=\"386d97ed\" data-element_type=\"container\">\n\t\t\t\t\t<div class=\"e-con-inner\">\n\t\t\t\t<div class=\"elementor-element elementor-element-50161d52 elementor-widget elementor-widget-text-editor\" data-id=\"50161d52\" data-element_type=\"widget\" data-widget_type=\"text-editor.default\">\n\t\t\t\t<div class=\"elementor-widget-container\">\n\t\t\t\t\t\t\t\t\t<ul><li>Piqu\u00e9-Stoff.<\/li><li>Geg\u00fcrteter Schnitt.<\/li><li>Karkasse mit 3 farbigen Kn\u00f6pfen.<\/li><li>Peugagola und gerippte \u00c4rmel.<\/li><li>Seitliche Bel\u00fcftungs\u00f6ffnungen.<\/li><li>Melange Grau &#8211; 85% Baumwolle \/ 15% Viskose<\/li><li>Melange Ash &#8211; 98% Baumwolle \/ 2% Viskose<\/li><li>Abnehmbares Etikett<\/li><\/ul><p><strong>100%<\/strong> einlaufvorbehandelte, gek\u00e4mmte <strong>Baumwolle<\/strong>.<br>Gewicht: <strong>200 g\/m\u00b2<\/strong>.<\/p>\t\t\t\t\t\t\t\t<\/div>\n\t\t\t\t<\/div>\n\t\t\t\t\t<\/div>\n\t\t\t\t<\/div>\n\t\t\t\t<\/div>\n\t\t","protected":false},"excerpt":{"rendered":"<p><strong>Damen-Piqu\u00e9-Poloshirt mit kurzen \u00c4rmeln, 100% Baumwolle, leicht tailliert und mit abnehmbarem Etikett<\/strong>.<\/p>\n<p>Ideal f\u00fcr Stickerei, Siebdruck oder Personalisierung mit Transfer oder Vinyl.<br \/>\nAuch f\u00fcr Herren, Kinder und gro\u00dfe Gr\u00f6\u00dfen erh\u00e4ltlich.<\/p>\n","protected":false},"featured_media":12502,"comment_status":"closed","ping_status":"closed","template":"","meta":[],"product_brand":[],"product_cat":[320,372,446],"product_tag":[],"class_list":{"0":"post-22162","1":"product","2":"type-product","3":"status-publish","4":"has-post-thumbnail","6":"product_cat-alle","7":"product_cat-frau","8":"product_cat-polo-de","10":"first","11":"instock","12":"featured","13":"shipping-taxable","14":"purchasable","15":"product-type-variable"},"_links":{"self":[{"href":"https:\/\/umbicap.com\/index.php?rest_route=\/wp\/v2\/product\/22162","targetHints":{"allow":["GET"]}}],"collection":[{"href":"https:\/\/umbicap.com\/index.php?rest_route=\/wp\/v2\/product"}],"about":[{"href":"https:\/\/umbicap.com\/index.php?rest_route=\/wp\/v2\/types\/product"}],"replies":[{"embeddable":true,"href":"https:\/\/umbicap.com\/index.php?rest_route=%2Fwp%2Fv2%2Fcomments&post=22162"}],"version-history":[{"count":1,"href":"https:\/\/umbicap.com\/index.php?rest_route=\/wp\/v2\/product\/22162\/revisions"}],"predecessor-version":[{"id":22178,"href":"https:\/\/umbicap.com\/index.php?rest_route=\/wp\/v2\/product\/22162\/revisions\/22178"}],"wp:featuredmedia":[{"embeddable":true,"href":"https:\/\/umbicap.com\/index.php?rest_route=\/wp\/v2\/media\/12502"}],"wp:attachment":[{"href":"https:\/\/umbicap.com\/index.php?rest_route=%2Fwp%2Fv2%2Fmedia&parent=22162"}],"wp:term":[{"taxonomy":"product_brand","embeddable":true,"href":"https:\/\/umbicap.com\/index.php?rest_route=%2Fwp%2Fv2%2Fproduct_brand&post=22162"},{"taxonomy":"product_cat","embeddable":true,"href":"https:\/\/umbicap.com\/index.php?rest_route=%2Fwp%2Fv2%2Fproduct_cat&post=22162"},{"taxonomy":"product_tag","embeddable":true,"href":"https:\/\/umbicap.com\/index.php?rest_route=%2Fwp%2Fv2%2Fproduct_tag&post=22162"}],"curies":[{"name":"wp","href":"https:\/\/api.w.org\/{rel}","templated":true}]}}