{"id":22179,"date":"2025-07-09T10:34:12","date_gmt":"2025-07-09T10:34:12","guid":{"rendered":"https:\/\/umbidesign.xyz\/?product=manches-longues-sand-160"},"modified":"2025-08-10T14:54:10","modified_gmt":"2025-08-10T14:54:10","slug":"manches-longues-sand-160","status":"publish","type":"product","link":"https:\/\/umbicap.com\/?produit=manches-longues-sand-160&lang=fr","title":{"rendered":"Manches longues SAND 160"},"content":{"rendered":"\t\t<div data-elementor-type=\"wp-post\" data-elementor-id=\"22179\" class=\"elementor elementor-22179 elementor-6993\">\n\t\t\t\t<div class=\"elementor-element elementor-element-386d97ed e-flex e-con-boxed e-con e-parent\" data-id=\"386d97ed\" data-element_type=\"container\">\n\t\t\t\t\t<div class=\"e-con-inner\">\n\t\t\t\t<div class=\"elementor-element elementor-element-50161d52 elementor-widget elementor-widget-text-editor\" data-id=\"50161d52\" data-element_type=\"widget\" data-widget_type=\"text-editor.default\">\n\t\t\t\t<div class=\"elementor-widget-container\">\n\t\t\t\t\t\t\t\t\t<ul><li>Double piq\u00fbre sur les manches et le bas.<\/li><li>Col en \u00e9lasthanne.<\/li><li>Renforcement d&#8217;une \u00e9paule \u00e0 l&#8217;autre.<\/li><li>M\u00e9lange gris &#8211; 85% coton \/ 15% viscose<\/li><li>\u00c9tiquette amovible<\/li><\/ul><p><strong>100% coton<\/strong> avec pr\u00e9-r\u00e9tr\u00e9cissement.<br>Poids : <strong>155 g\/m\u00b2<\/strong>. approx. <\/p>\t\t\t\t\t\t\t\t<\/div>\n\t\t\t\t<\/div>\n\t\t\t\t\t<\/div>\n\t\t\t\t<\/div>\n\t\t\t\t<\/div>\n\t\t","protected":false},"excerpt":{"rendered":"<p><strong>T-shirt basique \u00e0 manches longues sans poignets<\/strong>.<\/p>\n<p>Id\u00e9al pour la personnalisation en s\u00e9rigraphie, vinyle et transfert.<br \/>\n4 couleurs et de la taille XS \u00e0 3 XL.<br \/>\nEgalement disponible pour femmes et enfants.<\/p>\n<p>Etiquette amovible.<\/p>\n","protected":false},"featured_media":12042,"comment_status":"closed","ping_status":"closed","template":"","meta":[],"product_brand":[],"product_cat":[368,433,319],"product_tag":[],"class_list":{"0":"post-22179","1":"product","2":"type-product","3":"status-publish","4":"has-post-thumbnail","6":"product_cat-lhomme","7":"product_cat-manches-longues","8":"product_cat-tous","10":"first","11":"instock","12":"featured","13":"shipping-taxable","14":"purchasable","15":"product-type-variable"},"_links":{"self":[{"href":"https:\/\/umbicap.com\/index.php?rest_route=\/wp\/v2\/product\/22179","targetHints":{"allow":["GET"]}}],"collection":[{"href":"https:\/\/umbicap.com\/index.php?rest_route=\/wp\/v2\/product"}],"about":[{"href":"https:\/\/umbicap.com\/index.php?rest_route=\/wp\/v2\/types\/product"}],"replies":[{"embeddable":true,"href":"https:\/\/umbicap.com\/index.php?rest_route=%2Fwp%2Fv2%2Fcomments&post=22179"}],"version-history":[{"count":1,"href":"https:\/\/umbicap.com\/index.php?rest_route=\/wp\/v2\/product\/22179\/revisions"}],"predecessor-version":[{"id":22184,"href":"https:\/\/umbicap.com\/index.php?rest_route=\/wp\/v2\/product\/22179\/revisions\/22184"}],"wp:featuredmedia":[{"embeddable":true,"href":"https:\/\/umbicap.com\/index.php?rest_route=\/wp\/v2\/media\/12042"}],"wp:attachment":[{"href":"https:\/\/umbicap.com\/index.php?rest_route=%2Fwp%2Fv2%2Fmedia&parent=22179"}],"wp:term":[{"taxonomy":"product_brand","embeddable":true,"href":"https:\/\/umbicap.com\/index.php?rest_route=%2Fwp%2Fv2%2Fproduct_brand&post=22179"},{"taxonomy":"product_cat","embeddable":true,"href":"https:\/\/umbicap.com\/index.php?rest_route=%2Fwp%2Fv2%2Fproduct_cat&post=22179"},{"taxonomy":"product_tag","embeddable":true,"href":"https:\/\/umbicap.com\/index.php?rest_route=%2Fwp%2Fv2%2Fproduct_tag&post=22179"}],"curies":[{"name":"wp","href":"https:\/\/api.w.org\/{rel}","templated":true}]}}