{"id":6993,"date":"2025-07-09T10:34:12","date_gmt":"2025-07-09T10:34:12","guid":{"rendered":"https:\/\/umbidesign.xyz\/?post_type=product&#038;p=6993"},"modified":"2025-08-10T14:02:55","modified_gmt":"2025-08-10T14:02:55","slug":"long-sleeve-areia-160","status":"publish","type":"product","link":"https:\/\/umbicap.com\/?produto=long-sleeve-areia-160","title":{"rendered":"Long Sleeve AREIA 160"},"content":{"rendered":"\t\t<div data-elementor-type=\"wp-post\" data-elementor-id=\"6993\" class=\"elementor elementor-6993\">\n\t\t\t\t<div class=\"elementor-element elementor-element-386d97ed e-flex e-con-boxed e-con e-parent\" data-id=\"386d97ed\" data-element_type=\"container\">\n\t\t\t\t\t<div class=\"e-con-inner\">\n\t\t\t\t<div class=\"elementor-element elementor-element-50161d52 elementor-widget elementor-widget-text-editor\" data-id=\"50161d52\" data-element_type=\"widget\" data-widget_type=\"text-editor.default\">\n\t\t\t\t<div class=\"elementor-widget-container\">\n\t\t\t\t\t\t\t\t\t<ul><li>Dupla costura no mangas e em baixo.<\/li><li>Gola em elastano.<\/li><li>Refor\u00e7o de ombro a ombro.<\/li><li>Grey Melange &#8211; 85% Algod\u00e3o \/ 15% Viscose<\/li><li>Etiqueta remov\u00edvel<\/li><\/ul><p><strong>100% Algod\u00e3o<\/strong> com preencolhimento.<br \/>Gramagem: <strong>155 g\/m\u00b2<\/strong>. approx.<\/p>\t\t\t\t\t\t\t\t<\/div>\n\t\t\t\t<\/div>\n\t\t\t\t\t<\/div>\n\t\t\t\t<\/div>\n\t\t\t\t<\/div>\n\t\t","protected":false},"excerpt":{"rendered":"<p><strong>T-shirt b\u00e1sica de manga comprida sem algemas<\/strong>.<\/p>\n<p>Ideal para personalizar com serigrafia, vinil e transfer\u00eancia.<br \/>\n4 cores e do tamanho XS a 3 XL.<br \/>\nTamb\u00e9m dispon\u00edvel para mulheres e crian\u00e7as.<\/p>\n<p>Etiqueta remov\u00edvel.<\/p>\n","protected":false},"featured_media":7005,"comment_status":"closed","ping_status":"closed","template":"","meta":[],"product_brand":[],"product_cat":[15,151,146],"product_tag":[],"class_list":{"0":"post-6993","1":"product","2":"type-product","3":"status-publish","4":"has-post-thumbnail","6":"product_cat-all-products","7":"product_cat-long-sleeve","8":"product_cat-man","10":"first","11":"instock","12":"featured","13":"shipping-taxable","14":"purchasable","15":"product-type-variable"},"_links":{"self":[{"href":"https:\/\/umbicap.com\/index.php?rest_route=\/wp\/v2\/product\/6993","targetHints":{"allow":["GET"]}}],"collection":[{"href":"https:\/\/umbicap.com\/index.php?rest_route=\/wp\/v2\/product"}],"about":[{"href":"https:\/\/umbicap.com\/index.php?rest_route=\/wp\/v2\/types\/product"}],"replies":[{"embeddable":true,"href":"https:\/\/umbicap.com\/index.php?rest_route=%2Fwp%2Fv2%2Fcomments&post=6993"}],"version-history":[{"count":5,"href":"https:\/\/umbicap.com\/index.php?rest_route=\/wp\/v2\/product\/6993\/revisions"}],"predecessor-version":[{"id":7394,"href":"https:\/\/umbicap.com\/index.php?rest_route=\/wp\/v2\/product\/6993\/revisions\/7394"}],"wp:featuredmedia":[{"embeddable":true,"href":"https:\/\/umbicap.com\/index.php?rest_route=\/wp\/v2\/media\/7005"}],"wp:attachment":[{"href":"https:\/\/umbicap.com\/index.php?rest_route=%2Fwp%2Fv2%2Fmedia&parent=6993"}],"wp:term":[{"taxonomy":"product_brand","embeddable":true,"href":"https:\/\/umbicap.com\/index.php?rest_route=%2Fwp%2Fv2%2Fproduct_brand&post=6993"},{"taxonomy":"product_cat","embeddable":true,"href":"https:\/\/umbicap.com\/index.php?rest_route=%2Fwp%2Fv2%2Fproduct_cat&post=6993"},{"taxonomy":"product_tag","embeddable":true,"href":"https:\/\/umbicap.com\/index.php?rest_route=%2Fwp%2Fv2%2Fproduct_tag&post=6993"}],"curies":[{"name":"wp","href":"https:\/\/api.w.org\/{rel}","templated":true}]}}