{"id":7055,"date":"2025-07-09T11:32:23","date_gmt":"2025-07-09T11:32:23","guid":{"rendered":"https:\/\/umbidesign.xyz\/?post_type=product&#038;p=7055"},"modified":"2025-08-10T14:02:58","modified_gmt":"2025-08-10T14:02:58","slug":"t-shirt-concha-250","status":"publish","type":"product","link":"https:\/\/umbicap.com\/?produto=t-shirt-concha-250","title":{"rendered":"T-shirt CONCHA 250"},"content":{"rendered":"\t\t<div data-elementor-type=\"wp-post\" data-elementor-id=\"7055\" class=\"elementor elementor-7055\">\n\t\t\t\t<div class=\"elementor-element elementor-element-386d97ed e-flex e-con-boxed e-con e-parent\" data-id=\"386d97ed\" data-element_type=\"container\">\n\t\t\t\t\t<div class=\"e-con-inner\">\n\t\t\t\t<div class=\"elementor-element elementor-element-50161d52 elementor-widget elementor-widget-text-editor\" data-id=\"50161d52\" data-element_type=\"widget\" data-widget_type=\"text-editor.default\">\n\t\t\t\t<div class=\"elementor-widget-container\">\n\t\t\t\t\t\t\t\t\t<ul><li>Corte cintado.<\/li><li>Dupla costura no pesco\u00e7o, mangas e em baixo.<\/li><li>Gola em canelado 1&#215;1.<\/li><li>Grey Melange &#8211; 85% Algod\u00e3o \/ 15% Viscose<\/li><li>Etiqueta remov\u00edvel<\/li><\/ul><p><strong>100% Algoda\u0303o<\/strong>.<br \/>Gramagem: <strong>145 g\/m\u00b2<\/strong><\/p>\t\t\t\t\t\t\t\t<\/div>\n\t\t\t\t<\/div>\n\t\t\t\t\t<\/div>\n\t\t\t\t<\/div>\n\t\t\t\t<\/div>\n\t\t","protected":false},"excerpt":{"rendered":"<p><strong>T-shirt b\u00e1sica em tamanho grande para mulher, manga curta e 100% algod\u00e3o<\/strong>.<\/p>\n<p>Ideal para personalizar com silkscreen, vinil, transfer\u00eancia e impress\u00e3o digital.<br \/>\nTamb\u00e9m dispon\u00edvel para homens e crian\u00e7as.<\/p>\n","protected":false},"featured_media":7067,"comment_status":"closed","ping_status":"closed","template":"","meta":[],"product_brand":[],"product_cat":[15,150,147],"product_tag":[],"class_list":{"0":"post-7055","1":"product","2":"type-product","3":"status-publish","4":"has-post-thumbnail","6":"product_cat-all-products","7":"product_cat-t-shirt-woman","8":"product_cat-woman","10":"first","11":"instock","12":"featured","13":"shipping-taxable","14":"purchasable","15":"product-type-variable"},"_links":{"self":[{"href":"https:\/\/umbicap.com\/index.php?rest_route=\/wp\/v2\/product\/7055","targetHints":{"allow":["GET"]}}],"collection":[{"href":"https:\/\/umbicap.com\/index.php?rest_route=\/wp\/v2\/product"}],"about":[{"href":"https:\/\/umbicap.com\/index.php?rest_route=\/wp\/v2\/types\/product"}],"replies":[{"embeddable":true,"href":"https:\/\/umbicap.com\/index.php?rest_route=%2Fwp%2Fv2%2Fcomments&post=7055"}],"version-history":[{"count":5,"href":"https:\/\/umbicap.com\/index.php?rest_route=\/wp\/v2\/product\/7055\/revisions"}],"predecessor-version":[{"id":7402,"href":"https:\/\/umbicap.com\/index.php?rest_route=\/wp\/v2\/product\/7055\/revisions\/7402"}],"wp:featuredmedia":[{"embeddable":true,"href":"https:\/\/umbicap.com\/index.php?rest_route=\/wp\/v2\/media\/7067"}],"wp:attachment":[{"href":"https:\/\/umbicap.com\/index.php?rest_route=%2Fwp%2Fv2%2Fmedia&parent=7055"}],"wp:term":[{"taxonomy":"product_brand","embeddable":true,"href":"https:\/\/umbicap.com\/index.php?rest_route=%2Fwp%2Fv2%2Fproduct_brand&post=7055"},{"taxonomy":"product_cat","embeddable":true,"href":"https:\/\/umbicap.com\/index.php?rest_route=%2Fwp%2Fv2%2Fproduct_cat&post=7055"},{"taxonomy":"product_tag","embeddable":true,"href":"https:\/\/umbicap.com\/index.php?rest_route=%2Fwp%2Fv2%2Fproduct_tag&post=7055"}],"curies":[{"name":"wp","href":"https:\/\/api.w.org\/{rel}","templated":true}]}}