{"id":7486,"date":"2025-07-18T01:02:56","date_gmt":"2025-07-18T01:02:56","guid":{"rendered":"https:\/\/umbidesign.xyz\/?post_type=product&#038;p=7486"},"modified":"2025-08-10T14:01:46","modified_gmt":"2025-08-10T14:01:46","slug":"sweat-hawaiii-unisex","status":"publish","type":"product","link":"https:\/\/umbicap.com\/?produto=sweat-hawaiii-unisex","title":{"rendered":"Sweat HAWAII unisex"},"content":{"rendered":"\t\t<div data-elementor-type=\"wp-post\" data-elementor-id=\"7486\" class=\"elementor elementor-7486\">\n\t\t\t\t<div class=\"elementor-element elementor-element-386d97ed e-flex e-con-boxed e-con e-parent\" data-id=\"386d97ed\" data-element_type=\"container\">\n\t\t\t\t\t<div class=\"e-con-inner\">\n\t\t\t\t<div class=\"elementor-element elementor-element-50161d52 elementor-widget elementor-widget-text-editor\" data-id=\"50161d52\" data-element_type=\"widget\" data-widget_type=\"text-editor.default\">\n\t\t\t\t<div class=\"elementor-widget-container\">\n\t\t\t\t\t\t\t\t\t<ul><li>Dupla costura no pesco\u00e7o, punhos e bainha.<\/li><li>Canelado em elastano 2&#215;1 nos punhos e parte inferior.<\/li><li>Melange Grey: 61% Algod\u00e3o \/31% poli\u00e9ster reciclado\/ 8% viscosa<\/li><li>Melange Dark Grey: 60% poli\u00e9ster reciclado \/40%Algod\u00e3o<\/li><li>Melange Ash: 67%Algod\u00e3o \/ 31% poli\u00e9sterreciclado \/ 2% viscosa<\/li><\/ul><p><strong>60% Algod\u00e3o \/ 40% Poli\u00e9ster reciclado<\/strong>.<br \/>Gramagem: <strong>290 g\/m\u00b2<\/strong> approx.<\/p>\t\t\t\t\t\t\t\t<\/div>\n\t\t\t\t<\/div>\n\t\t\t\t\t<\/div>\n\t\t\t\t<\/div>\n\t\t\t\t<\/div>\n\t\t","protected":false},"excerpt":{"rendered":"<p><strong>Camisola cl\u00e1ssica unissex com gola redonda perfeita para personaliza\u00e7\u00e3o.<\/strong><\/p>\n<p>Dispon\u00edvel em 13 cores de tamanho XS a 5XL.<br \/>\nPor causa de sua composi\u00e7\u00e3o mais alta de poli\u00e9ster, alguns de nossos clientes usam o sweat-shirt branco para sublimar.<\/p>\n","protected":false},"featured_media":7499,"comment_status":"closed","ping_status":"closed","template":"","meta":[],"product_brand":[],"product_cat":[15,146,165,148,147],"product_tag":[],"class_list":{"0":"post-7486","1":"product","2":"type-product","3":"status-publish","4":"has-post-thumbnail","6":"product_cat-all-products","7":"product_cat-man","8":"product_cat-sweatshirt-unisex","9":"product_cat-unisex","10":"product_cat-woman","12":"first","13":"instock","14":"featured","15":"shipping-taxable","16":"purchasable","17":"product-type-variable"},"_links":{"self":[{"href":"https:\/\/umbicap.com\/index.php?rest_route=\/wp\/v2\/product\/7486","targetHints":{"allow":["GET"]}}],"collection":[{"href":"https:\/\/umbicap.com\/index.php?rest_route=\/wp\/v2\/product"}],"about":[{"href":"https:\/\/umbicap.com\/index.php?rest_route=\/wp\/v2\/types\/product"}],"replies":[{"embeddable":true,"href":"https:\/\/umbicap.com\/index.php?rest_route=%2Fwp%2Fv2%2Fcomments&post=7486"}],"version-history":[{"count":5,"href":"https:\/\/umbicap.com\/index.php?rest_route=\/wp\/v2\/product\/7486\/revisions"}],"predecessor-version":[{"id":7603,"href":"https:\/\/umbicap.com\/index.php?rest_route=\/wp\/v2\/product\/7486\/revisions\/7603"}],"wp:featuredmedia":[{"embeddable":true,"href":"https:\/\/umbicap.com\/index.php?rest_route=\/wp\/v2\/media\/7499"}],"wp:attachment":[{"href":"https:\/\/umbicap.com\/index.php?rest_route=%2Fwp%2Fv2%2Fmedia&parent=7486"}],"wp:term":[{"taxonomy":"product_brand","embeddable":true,"href":"https:\/\/umbicap.com\/index.php?rest_route=%2Fwp%2Fv2%2Fproduct_brand&post=7486"},{"taxonomy":"product_cat","embeddable":true,"href":"https:\/\/umbicap.com\/index.php?rest_route=%2Fwp%2Fv2%2Fproduct_cat&post=7486"},{"taxonomy":"product_tag","embeddable":true,"href":"https:\/\/umbicap.com\/index.php?rest_route=%2Fwp%2Fv2%2Fproduct_tag&post=7486"}],"curies":[{"name":"wp","href":"https:\/\/api.w.org\/{rel}","templated":true}]}}