{"id":7676,"date":"2025-07-18T06:04:28","date_gmt":"2025-07-18T06:04:28","guid":{"rendered":"https:\/\/umbidesign.xyz\/?post_type=product&#038;p=7676"},"modified":"2025-08-10T14:01:43","modified_gmt":"2025-08-10T14:01:43","slug":"t-shirt-terra-kids","status":"publish","type":"product","link":"https:\/\/umbicap.com\/?produto=t-shirt-terra-kids","title":{"rendered":"T-Shirt TERRA kids"},"content":{"rendered":"\t\t<div data-elementor-type=\"wp-post\" data-elementor-id=\"7676\" class=\"elementor elementor-7676\">\n\t\t\t\t<div class=\"elementor-element elementor-element-386d97ed e-flex e-con-boxed e-con e-parent\" data-id=\"386d97ed\" data-element_type=\"container\">\n\t\t\t\t\t<div class=\"e-con-inner\">\n\t\t\t\t<div class=\"elementor-element elementor-element-50161d52 elementor-widget elementor-widget-text-editor\" data-id=\"50161d52\" data-element_type=\"widget\" data-widget_type=\"text-editor.default\">\n\t\t\t\t<div class=\"elementor-widget-container\">\n\t\t\t\t\t\t\t\t\t<ul><li>Gola em elastano.<\/li><li>Costuras laterais.<\/li><li>Dupla costura no mangas e em baixo.<\/li><li>Refor\u00e7o de ombro a ombro.<\/li><li>Melange Grey &#8211; 85% Algod\u00e3o \/ 15% Viscose<\/li><li>Melange Ash &#8211; 98% Algod\u00e3o \/ 2% Viscose<\/li><li>Etiqueta remov\u00edvel<\/li><\/ul><p><strong><br \/>100% Algoda\u0303o<\/strong> com preencolhimento.<br \/>Gramagem: <strong>155 g\/m\u00b2<\/strong>. approx.<\/p>\t\t\t\t\t\t\t\t<\/div>\n\t\t\t\t<\/div>\n\t\t\t\t\t<\/div>\n\t\t\t\t<\/div>\n\t\t\t\t<\/div>\n\t\t","protected":false},"excerpt":{"rendered":"<p><strong>T-shirt b\u00e1sica para crian\u00e7as com mangas curtas, 100% algod\u00e3o<\/strong>.<\/p>\n<p>Ideal para personalizar com serigrafia, vinil, transfer\u00eancia e impress\u00e3o digital.<br \/>\n21 cores e de tamanho 3\/4 a 12\/14 anos.<\/p>\n<p>Etiqueta remov\u00edvel.<\/p>\n","protected":false},"featured_media":7700,"comment_status":"closed","ping_status":"closed","template":"","meta":[],"product_brand":[],"product_cat":[15,179,148],"product_tag":[],"class_list":{"0":"post-7676","1":"product","2":"type-product","3":"status-publish","4":"has-post-thumbnail","6":"product_cat-all-products","7":"product_cat-kids","8":"product_cat-unisex","10":"first","11":"instock","12":"featured","13":"shipping-taxable","14":"purchasable","15":"product-type-variable"},"_links":{"self":[{"href":"https:\/\/umbicap.com\/index.php?rest_route=\/wp\/v2\/product\/7676","targetHints":{"allow":["GET"]}}],"collection":[{"href":"https:\/\/umbicap.com\/index.php?rest_route=\/wp\/v2\/product"}],"about":[{"href":"https:\/\/umbicap.com\/index.php?rest_route=\/wp\/v2\/types\/product"}],"replies":[{"embeddable":true,"href":"https:\/\/umbicap.com\/index.php?rest_route=%2Fwp%2Fv2%2Fcomments&post=7676"}],"version-history":[{"count":5,"href":"https:\/\/umbicap.com\/index.php?rest_route=\/wp\/v2\/product\/7676\/revisions"}],"predecessor-version":[{"id":7771,"href":"https:\/\/umbicap.com\/index.php?rest_route=\/wp\/v2\/product\/7676\/revisions\/7771"}],"wp:featuredmedia":[{"embeddable":true,"href":"https:\/\/umbicap.com\/index.php?rest_route=\/wp\/v2\/media\/7700"}],"wp:attachment":[{"href":"https:\/\/umbicap.com\/index.php?rest_route=%2Fwp%2Fv2%2Fmedia&parent=7676"}],"wp:term":[{"taxonomy":"product_brand","embeddable":true,"href":"https:\/\/umbicap.com\/index.php?rest_route=%2Fwp%2Fv2%2Fproduct_brand&post=7676"},{"taxonomy":"product_cat","embeddable":true,"href":"https:\/\/umbicap.com\/index.php?rest_route=%2Fwp%2Fv2%2Fproduct_cat&post=7676"},{"taxonomy":"product_tag","embeddable":true,"href":"https:\/\/umbicap.com\/index.php?rest_route=%2Fwp%2Fv2%2Fproduct_tag&post=7676"}],"curies":[{"name":"wp","href":"https:\/\/api.w.org\/{rel}","templated":true}]}}