{"id":8773,"date":"2025-07-25T02:54:41","date_gmt":"2025-07-25T02:54:41","guid":{"rendered":"https:\/\/umbidesign.xyz\/?post_type=product&#038;p=8773"},"modified":"2025-08-10T14:00:45","modified_gmt":"2025-08-10T14:00:45","slug":"colete-softshell-nevada","status":"publish","type":"product","link":"https:\/\/umbicap.com\/?produto=colete-softshell-nevada","title":{"rendered":"Colete Softshell NEVADA"},"content":{"rendered":"\t\t<div data-elementor-type=\"wp-post\" data-elementor-id=\"8773\" class=\"elementor elementor-8773\">\n\t\t\t\t<div class=\"elementor-element elementor-element-386d97ed e-flex e-con-boxed e-con e-parent\" data-id=\"386d97ed\" data-element_type=\"container\">\n\t\t\t\t\t<div class=\"e-con-inner\">\n\t\t\t\t<div class=\"elementor-element elementor-element-50161d52 elementor-widget elementor-widget-text-editor\" data-id=\"50161d52\" data-element_type=\"widget\" data-widget_type=\"text-editor.default\">\n\t\t\t\t<div class=\"elementor-widget-container\">\n\t\t\t\t\t\t\t\t\t<p class=\"\" data-v-0dde63d0=\"\"><em>Modelo:<\/em><br \/><em>Tamanho M | Altura 182 cm<\/em><\/p><p class=\"composition-text\" data-v-0dde63d0=\"\">Material:<br \/>Duas camadas.<br \/>&#8211; Exterior: <strong>92% poli\u00e9ster \/ 8% elastano<\/strong>.<br \/>&#8211; Interior: <strong>100% poli\u00e9ster micro-polar<\/strong> extra-quente.<br \/>&#8211;<strong> 300 g\/m\u00b2<\/strong>.<\/p><ul><li class=\"observation-text\">Modelo resistente \u00e0 agua.<\/li><li class=\"observation-text\">Modelo \u00e0 prova de vento.<\/li><li class=\"observation-text\">Aten\u00e7\u00e3o \u00e0s limita\u00e7\u00f5es deste tipo de tecido e \u00e0 necessidade de proteg\u00ea-lo de migra\u00e7\u00f5es das tintas do desenho, ao efectuar personaliza\u00e7\u00f5es ou estampagens sobre o mesmo.<\/li><\/ul>\t\t\t\t\t\t\t\t<\/div>\n\t\t\t\t<\/div>\n\t\t\t\t\t<\/div>\n\t\t\t\t<\/div>\n\t\t\t\t<\/div>\n\t\t","protected":false},"excerpt":{"rendered":"<p class=\"product-short-desc \" data-v-0dde63d0=\"\"><strong>Soft Shell composto com 2 camadas.<\/strong><\/p>\n<p class=\"product-short-desc \" data-v-0dde63d0=\"\">Fecho invertido com efeito selado, com protetor de queixo e puxador no ziper.<br \/>\nTr\u00eas bolsos exteriores com fecho, com puxador no ziper a combinar com tom do casaco.<br \/>\nC\u00f3s com cord\u00e3o el\u00e1stico e ajustadores.<\/p>\n","protected":false},"featured_media":8781,"comment_status":"closed","ping_status":"closed","template":"","meta":[],"product_brand":[],"product_cat":[15,146,148,239,240,162,147],"product_tag":[],"class_list":{"0":"post-8773","1":"product","2":"type-product","3":"status-publish","4":"has-post-thumbnail","6":"product_cat-all-products","7":"product_cat-man","8":"product_cat-unisex","9":"product_cat-vest-man","10":"product_cat-vest-woman","11":"product_cat-vest-unisex","12":"product_cat-woman","14":"first","15":"instock","16":"featured","17":"shipping-taxable","18":"purchasable","19":"product-type-variable"},"_links":{"self":[{"href":"https:\/\/umbicap.com\/index.php?rest_route=\/wp\/v2\/product\/8773","targetHints":{"allow":["GET"]}}],"collection":[{"href":"https:\/\/umbicap.com\/index.php?rest_route=\/wp\/v2\/product"}],"about":[{"href":"https:\/\/umbicap.com\/index.php?rest_route=\/wp\/v2\/types\/product"}],"replies":[{"embeddable":true,"href":"https:\/\/umbicap.com\/index.php?rest_route=%2Fwp%2Fv2%2Fcomments&post=8773"}],"version-history":[{"count":5,"href":"https:\/\/umbicap.com\/index.php?rest_route=\/wp\/v2\/product\/8773\/revisions"}],"predecessor-version":[{"id":8803,"href":"https:\/\/umbicap.com\/index.php?rest_route=\/wp\/v2\/product\/8773\/revisions\/8803"}],"wp:featuredmedia":[{"embeddable":true,"href":"https:\/\/umbicap.com\/index.php?rest_route=\/wp\/v2\/media\/8781"}],"wp:attachment":[{"href":"https:\/\/umbicap.com\/index.php?rest_route=%2Fwp%2Fv2%2Fmedia&parent=8773"}],"wp:term":[{"taxonomy":"product_brand","embeddable":true,"href":"https:\/\/umbicap.com\/index.php?rest_route=%2Fwp%2Fv2%2Fproduct_brand&post=8773"},{"taxonomy":"product_cat","embeddable":true,"href":"https:\/\/umbicap.com\/index.php?rest_route=%2Fwp%2Fv2%2Fproduct_cat&post=8773"},{"taxonomy":"product_tag","embeddable":true,"href":"https:\/\/umbicap.com\/index.php?rest_route=%2Fwp%2Fv2%2Fproduct_tag&post=8773"}],"curies":[{"name":"wp","href":"https:\/\/api.w.org\/{rel}","templated":true}]}}