{"id":8804,"date":"2025-07-25T03:04:18","date_gmt":"2025-07-25T03:04:18","guid":{"rendered":"https:\/\/umbidesign.xyz\/?post_type=product&#038;p=8804"},"modified":"2025-08-10T14:00:44","modified_gmt":"2025-08-10T14:00:44","slug":"colete-softshell-quebec","status":"publish","type":"product","link":"https:\/\/umbicap.com\/?produto=colete-softshell-quebec","title":{"rendered":"Colete Softshell QUEBEC"},"content":{"rendered":"\t\t<div data-elementor-type=\"wp-post\" data-elementor-id=\"8804\" class=\"elementor elementor-8804\">\n\t\t\t\t<div class=\"elementor-element elementor-element-386d97ed e-flex e-con-boxed e-con e-parent\" data-id=\"386d97ed\" data-element_type=\"container\">\n\t\t\t\t\t<div class=\"e-con-inner\">\n\t\t\t\t<div class=\"elementor-element elementor-element-50161d52 elementor-widget elementor-widget-text-editor\" data-id=\"50161d52\" data-element_type=\"widget\" data-widget_type=\"text-editor.default\">\n\t\t\t\t<div class=\"elementor-widget-container\">\n\t\t\t\t\t\t\t\t\t<p class=\"\" data-v-0dde63d0=\"\"><em>Modelo:<\/em><br \/><em>Tamanho M | Altura 182 cm<\/em><\/p><p class=\"composition-text\" data-v-0dde63d0=\"\">Material:<br \/>Duas camadas.<br \/>&#8211; Exterior: <strong>92% poli\u00e9ster \/ 8% elastano<\/strong>.<br \/>&#8211; Interior: <strong>100% poli\u00e9ster micro-polar<\/strong> extra-quente.<br \/>&#8211; <strong>300 g\/m\u00b2<\/strong>.<\/p><p class=\"observation-text\" data-v-0dde63d0=\"\">Aten\u00e7\u00e3o \u00e0s limita\u00e7\u00f5es deste tipo de tecido e \u00e0 necessidade de proteg\u00ea-lo de migra\u00e7\u00f5es das tintas do desenho, ao efectuar personaliza\u00e7\u00f5es ou estampagens sobre o mesmo.<\/p>\t\t\t\t\t\t\t\t<\/div>\n\t\t\t\t<\/div>\n\t\t\t\t\t<\/div>\n\t\t\t\t<\/div>\n\t\t\t\t<\/div>\n\t\t","protected":false},"excerpt":{"rendered":"<p class=\"product-short-desc  \" data-v-0dde63d0=\"\"><strong>Colete soft shell composto com 2 camadas.<\/strong><\/p>\n<p class=\"product-short-desc  \" data-v-0dde63d0=\"\">Fecho invertido no mesmo tom, com protetor do queixo e puxador no ziper.<br \/>\nForro interior em tecido polar. Bolso exterior no peito direito com fecho no tom e puxador no ziper.<br \/>\nDois bolsos exterior com fecho no tom e puxador no ziper.<br \/>\nC\u00f3s com cord\u00e3o el\u00e1stico e ajustadores.<\/p>\n","protected":false},"featured_media":8809,"comment_status":"closed","ping_status":"closed","template":"","meta":[],"product_brand":[],"product_cat":[15,146,247,248,148,239,240,162,147],"product_tag":[],"class_list":{"0":"post-8804","1":"product","2":"type-product","3":"status-publish","4":"has-post-thumbnail","6":"product_cat-all-products","7":"product_cat-man","8":"product_cat-softshell-man","9":"product_cat-softshell-woman","10":"product_cat-unisex","11":"product_cat-vest-man","12":"product_cat-vest-woman","13":"product_cat-vest-unisex","14":"product_cat-woman","16":"first","17":"instock","18":"featured","19":"shipping-taxable","20":"purchasable","21":"product-type-variable"},"_links":{"self":[{"href":"https:\/\/umbicap.com\/index.php?rest_route=\/wp\/v2\/product\/8804","targetHints":{"allow":["GET"]}}],"collection":[{"href":"https:\/\/umbicap.com\/index.php?rest_route=\/wp\/v2\/product"}],"about":[{"href":"https:\/\/umbicap.com\/index.php?rest_route=\/wp\/v2\/types\/product"}],"replies":[{"embeddable":true,"href":"https:\/\/umbicap.com\/index.php?rest_route=%2Fwp%2Fv2%2Fcomments&post=8804"}],"version-history":[{"count":5,"href":"https:\/\/umbicap.com\/index.php?rest_route=\/wp\/v2\/product\/8804\/revisions"}],"predecessor-version":[{"id":8829,"href":"https:\/\/umbicap.com\/index.php?rest_route=\/wp\/v2\/product\/8804\/revisions\/8829"}],"wp:featuredmedia":[{"embeddable":true,"href":"https:\/\/umbicap.com\/index.php?rest_route=\/wp\/v2\/media\/8809"}],"wp:attachment":[{"href":"https:\/\/umbicap.com\/index.php?rest_route=%2Fwp%2Fv2%2Fmedia&parent=8804"}],"wp:term":[{"taxonomy":"product_brand","embeddable":true,"href":"https:\/\/umbicap.com\/index.php?rest_route=%2Fwp%2Fv2%2Fproduct_brand&post=8804"},{"taxonomy":"product_cat","embeddable":true,"href":"https:\/\/umbicap.com\/index.php?rest_route=%2Fwp%2Fv2%2Fproduct_cat&post=8804"},{"taxonomy":"product_tag","embeddable":true,"href":"https:\/\/umbicap.com\/index.php?rest_route=%2Fwp%2Fv2%2Fproduct_tag&post=8804"}],"curies":[{"name":"wp","href":"https:\/\/api.w.org\/{rel}","templated":true}]}}