{"id":8945,"date":"2025-07-25T12:41:20","date_gmt":"2025-07-25T12:41:20","guid":{"rendered":"https:\/\/umbidesign.xyz\/?post_type=product&#038;p=8945"},"modified":"2025-08-10T14:00:43","modified_gmt":"2025-08-10T14:00:43","slug":"casaco-softshell-nebraska-6436","status":"publish","type":"product","link":"https:\/\/umbicap.com\/?produto=casaco-softshell-nebraska-6436","title":{"rendered":"Casaco Softshell NEBRASKA 6436"},"content":{"rendered":"\t\t<div data-elementor-type=\"wp-post\" data-elementor-id=\"8945\" class=\"elementor elementor-8945\">\n\t\t\t\t<div class=\"elementor-element elementor-element-386d97ed e-flex e-con-boxed e-con e-parent\" data-id=\"386d97ed\" data-element_type=\"container\">\n\t\t\t\t\t<div class=\"e-con-inner\">\n\t\t\t\t<div class=\"elementor-element elementor-element-50161d52 elementor-widget elementor-widget-text-editor\" data-id=\"50161d52\" data-element_type=\"widget\" data-widget_type=\"text-editor.default\">\n\t\t\t\t<div class=\"elementor-widget-container\">\n\t\t\t\t\t\t\t\t\t<p class=\"\" data-v-0dde63d0=\"\"><em>Modelo:<\/em><br \/><em>Tamanho M | Altura 182 cm<\/em><\/p><p class=\"composition-text\" data-v-0dde63d0=\"\">Material:<br \/>Duas camadas.<br \/>&#8211; Exterior: <strong>92% poli\u00e9ster \/ 8% elastano.<\/strong><br \/>&#8211; Interior: <strong>100% poli\u00e9ster micro-polar<\/strong> extra-quente.<br \/>&#8211; <strong>300 g\/m\u00b2<\/strong>.<\/p><ul><li class=\"observation-text\">Conceito duplo.<\/li><li class=\"observation-text\">Dispon\u00edvel em tamanhos de crian\u00e7a.<\/li><li class=\"observation-text\">Aten\u00e7\u00e3o \u00e0s limita\u00e7\u00f5es deste tipo de tecido e \u00e0 necessidade de proteg\u00ea-lo de migra\u00e7\u00f5es das tintas do desenho, ao efectuar personaliza\u00e7\u00f5es ou estampagens sobre o mesmo.<br \/><br \/><\/li><li class=\"p1\"><b>Tamanhos crian\u00e7a dispon\u00edveis nas seguintes cores:<\/b><br \/>Red \/\/ Blue Navy \/\/ Blue Royal \/\/ Aqua \/\/ Lime Punch \/\/ Black<\/li><\/ul>\t\t\t\t\t\t\t\t<\/div>\n\t\t\t\t<\/div>\n\t\t\t\t\t<\/div>\n\t\t\t\t<\/div>\n\t\t\t\t<\/div>\n\t\t","protected":false},"excerpt":{"rendered":"<p class=\"product-short-desc \" data-v-0dde63d0=\"\"><strong>Soft shell de 2 camadas.<br \/>\n<\/strong>Interior quente em tecido micropolar.<\/p>\n<p class=\"product-short-desc \" data-v-0dde63d0=\"\">Fecho central invertido no mesmo tom, com protec\u00e7\u00e3o de queixo e puxador no ziper.<br \/>\nDois bolsos laterais e um no peito com fecho.<br \/>\nPunhos ajust\u00e1veis com velcro.<br \/>\nC\u00f3s com ajustadores interiores laterais.<\/p>\n<p class=\"p1\"><b>Tamanhos crian\u00e7a dispon\u00edveis\u00a0<\/b>em sele\u00e7\u00e3o de cores.\u00a0(<i>Ver\u00a0<\/i><b><i>detalhes<\/i><\/b>).<\/p>\n","protected":false},"featured_media":8957,"comment_status":"closed","ping_status":"closed","template":"","meta":[],"product_brand":[],"product_cat":[15,159,179,146,247],"product_tag":[],"class_list":{"0":"post-8945","1":"product","2":"type-product","3":"status-publish","4":"has-post-thumbnail","6":"product_cat-all-products","7":"product_cat-jacket-man","8":"product_cat-kids","9":"product_cat-man","10":"product_cat-softshell-man","12":"first","13":"instock","14":"featured","15":"shipping-taxable","16":"purchasable","17":"product-type-variable"},"_links":{"self":[{"href":"https:\/\/umbicap.com\/index.php?rest_route=\/wp\/v2\/product\/8945","targetHints":{"allow":["GET"]}}],"collection":[{"href":"https:\/\/umbicap.com\/index.php?rest_route=\/wp\/v2\/product"}],"about":[{"href":"https:\/\/umbicap.com\/index.php?rest_route=\/wp\/v2\/types\/product"}],"replies":[{"embeddable":true,"href":"https:\/\/umbicap.com\/index.php?rest_route=%2Fwp%2Fv2%2Fcomments&post=8945"}],"version-history":[{"count":5,"href":"https:\/\/umbicap.com\/index.php?rest_route=\/wp\/v2\/product\/8945\/revisions"}],"predecessor-version":[{"id":9002,"href":"https:\/\/umbicap.com\/index.php?rest_route=\/wp\/v2\/product\/8945\/revisions\/9002"}],"wp:featuredmedia":[{"embeddable":true,"href":"https:\/\/umbicap.com\/index.php?rest_route=\/wp\/v2\/media\/8957"}],"wp:attachment":[{"href":"https:\/\/umbicap.com\/index.php?rest_route=%2Fwp%2Fv2%2Fmedia&parent=8945"}],"wp:term":[{"taxonomy":"product_brand","embeddable":true,"href":"https:\/\/umbicap.com\/index.php?rest_route=%2Fwp%2Fv2%2Fproduct_brand&post=8945"},{"taxonomy":"product_cat","embeddable":true,"href":"https:\/\/umbicap.com\/index.php?rest_route=%2Fwp%2Fv2%2Fproduct_cat&post=8945"},{"taxonomy":"product_tag","embeddable":true,"href":"https:\/\/umbicap.com\/index.php?rest_route=%2Fwp%2Fv2%2Fproduct_tag&post=8945"}],"curies":[{"name":"wp","href":"https:\/\/api.w.org\/{rel}","templated":true}]}}