{"id":9124,"date":"2025-07-28T10:59:36","date_gmt":"2025-07-28T10:59:36","guid":{"rendered":"https:\/\/umbidesign.xyz\/?post_type=product&#038;p=9124"},"modified":"2025-08-10T14:00:40","modified_gmt":"2025-08-10T14:00:40","slug":"casaco-softshell-siberia-6428","status":"publish","type":"product","link":"https:\/\/umbicap.com\/?produto=casaco-softshell-siberia-6428","title":{"rendered":"Casaco Softshell SIBERIA 6428"},"content":{"rendered":"\t\t<div data-elementor-type=\"wp-post\" data-elementor-id=\"9124\" class=\"elementor elementor-9124\">\n\t\t\t\t<div class=\"elementor-element elementor-element-386d97ed e-flex e-con-boxed e-con e-parent\" data-id=\"386d97ed\" data-element_type=\"container\">\n\t\t\t\t\t<div class=\"e-con-inner\">\n\t\t\t\t<div class=\"elementor-element elementor-element-50161d52 elementor-widget elementor-widget-text-editor\" data-id=\"50161d52\" data-element_type=\"widget\" data-widget_type=\"text-editor.default\">\n\t\t\t\t<div class=\"elementor-widget-container\">\n\t\t\t\t\t\t\t\t\t<p class=\"\" data-v-0dde63d0=\"\"><em>Modelo:<\/em><br \/><em>Tamanho M | Altura 183 cm<\/em><\/p><p class=\"composition-text\" data-v-0dde63d0=\"\">Material:<br \/>Duas camadas.<br \/>&#8211; Exterior: <strong>92% poli\u00e9ster \/ 8% elastano.<\/strong><br \/>&#8211; Interior: <strong>100% poli\u00e9ster micro-polar<\/strong> extra-quente.<br \/>&#8211; <strong>300 g\/m\u00b2<\/strong>.<\/p><ul><li class=\"observation-text\">Etiqueta remov\u00edvel.<\/li><li class=\"observation-text\">Aten\u00e7\u00e3o \u00e0s limita\u00e7\u00f5es deste tipo de tecido e \u00e0 necessidade de proteg\u00ea-lo de migra\u00e7\u00f5es das tintas do desenho, ao efectuar personaliza\u00e7\u00f5es ou estampagens sobre o mesmo.<\/li><\/ul>\t\t\t\t\t\t\t\t<\/div>\n\t\t\t\t<\/div>\n\t\t\t\t\t<\/div>\n\t\t\t\t<\/div>\n\t\t\t\t<\/div>\n\t\t","protected":false},"excerpt":{"rendered":"<p class=\"product-short-desc \" data-v-0dde63d0=\"\"><strong>Soft shell de 2 camadas estilo desportivo.<\/strong><\/p>\n<p class=\"product-short-desc \" data-v-0dde63d0=\"\">Fecho de correr central em pl\u00e1stico a contrastar com protetor do queixo e adorno no ziper.<br \/>\nInterior quente em tecido micropolar a contrastar.<br \/>\nDois bolsos laterais e outro no peito, com fecho invis\u00edvel e adorno no ziper.<br \/>\nPequeno bolso na manga esquerda.<br \/>\nDebruado el\u00e1stico nus punhos e c\u00f3s.<br \/>\nCapuz remov\u00edvel com forro micropolar a contrastar.<\/p>\n","protected":false},"featured_media":9131,"comment_status":"closed","ping_status":"closed","template":"","meta":[],"product_brand":[],"product_cat":[15,159,146,247],"product_tag":[],"class_list":{"0":"post-9124","1":"product","2":"type-product","3":"status-publish","4":"has-post-thumbnail","6":"product_cat-all-products","7":"product_cat-jacket-man","8":"product_cat-man","9":"product_cat-softshell-man","11":"first","12":"instock","13":"featured","14":"shipping-taxable","15":"purchasable","16":"product-type-variable"},"_links":{"self":[{"href":"https:\/\/umbicap.com\/index.php?rest_route=\/wp\/v2\/product\/9124","targetHints":{"allow":["GET"]}}],"collection":[{"href":"https:\/\/umbicap.com\/index.php?rest_route=\/wp\/v2\/product"}],"about":[{"href":"https:\/\/umbicap.com\/index.php?rest_route=\/wp\/v2\/types\/product"}],"replies":[{"embeddable":true,"href":"https:\/\/umbicap.com\/index.php?rest_route=%2Fwp%2Fv2%2Fcomments&post=9124"}],"version-history":[{"count":5,"href":"https:\/\/umbicap.com\/index.php?rest_route=\/wp\/v2\/product\/9124\/revisions"}],"predecessor-version":[{"id":9157,"href":"https:\/\/umbicap.com\/index.php?rest_route=\/wp\/v2\/product\/9124\/revisions\/9157"}],"wp:featuredmedia":[{"embeddable":true,"href":"https:\/\/umbicap.com\/index.php?rest_route=\/wp\/v2\/media\/9131"}],"wp:attachment":[{"href":"https:\/\/umbicap.com\/index.php?rest_route=%2Fwp%2Fv2%2Fmedia&parent=9124"}],"wp:term":[{"taxonomy":"product_brand","embeddable":true,"href":"https:\/\/umbicap.com\/index.php?rest_route=%2Fwp%2Fv2%2Fproduct_brand&post=9124"},{"taxonomy":"product_cat","embeddable":true,"href":"https:\/\/umbicap.com\/index.php?rest_route=%2Fwp%2Fv2%2Fproduct_cat&post=9124"},{"taxonomy":"product_tag","embeddable":true,"href":"https:\/\/umbicap.com\/index.php?rest_route=%2Fwp%2Fv2%2Fproduct_tag&post=9124"}],"curies":[{"name":"wp","href":"https:\/\/api.w.org\/{rel}","templated":true}]}}