{"id":9456,"date":"2025-07-28T15:59:23","date_gmt":"2025-07-28T15:59:23","guid":{"rendered":"https:\/\/umbidesign.xyz\/?post_type=product&#038;p=9456"},"modified":"2025-08-10T14:00:35","modified_gmt":"2025-08-10T14:00:35","slug":"parka-europa-mulher-5077","status":"publish","type":"product","link":"https:\/\/umbicap.com\/?produto=parka-europa-mulher-5077","title":{"rendered":"Parka EUROPA mulher 5077"},"content":{"rendered":"\t\t<div data-elementor-type=\"wp-post\" data-elementor-id=\"9456\" class=\"elementor elementor-9456\">\n\t\t\t\t<div class=\"elementor-element elementor-element-386d97ed e-flex e-con-boxed e-con e-parent\" data-id=\"386d97ed\" data-element_type=\"container\">\n\t\t\t\t\t<div class=\"e-con-inner\">\n\t\t\t\t<div class=\"elementor-element elementor-element-50161d52 elementor-widget elementor-widget-text-editor\" data-id=\"50161d52\" data-element_type=\"widget\" data-widget_type=\"text-editor.default\">\n\t\t\t\t<div class=\"elementor-widget-container\">\n\t\t\t\t\t\t\t\t\t<p class=\"\" data-v-0dde63d0=\"\"><em>Modelo:<\/em><br \/><em>Tamanho M | Altura 187 cm<\/em><\/p><p class=\"composition-text\" data-v-0dde63d0=\"\">Material:<br \/>&#8211; Exterior: <strong>100% poli\u00e9ster<\/strong> imperme\u00e1vel.<br \/>&#8211; Forro: <strong>100% poli\u00e9ster<\/strong>.<br \/>&#8211; Enchimento: <strong>100% poli\u00e9ster<\/strong>.<br \/>&#8211; <strong>400 g\/m\u00b2<\/strong>.<\/p><ul><li class=\"observation-text\">Corte cintado no modelo feminino.<\/li><li class=\"observation-text\">Interior de f\u00e1cil acesso para execu\u00e7\u00e3o de serigrafia ou bordado.<\/li><li class=\"observation-text\">Modelo imperme\u00e1vel.<\/li><li class=\"observation-text\">Modelo \u00e0 prova de vento.<\/li><li class=\"observation-text\">Conceito duplo.<\/li><\/ul>\t\t\t\t\t\t\t\t<\/div>\n\t\t\t\t<\/div>\n\t\t\t\t\t<\/div>\n\t\t\t\t<\/div>\n\t\t\t\t<\/div>\n\t\t","protected":false},"excerpt":{"rendered":"<p class=\"p1\"><strong>Parka alcochoada cintada imperme\u00e1vel.<\/strong><\/p>\n<p class=\"p1\">Fecho de correr central no mesmo tom com lapela.<br \/>\nGola alta com capuz dobrado e extra\u00edvel.<br \/>\nBolsos laterais com fecho e lapela.<br \/>\nDois bolsos interiores no peito com fecho de velcro.<br \/>\nPunhos ajust\u00e1veis com velcro.<br \/>\nAcesso interior para execu\u00e7\u00e3o de serigrafia ou bordado.<\/p>\n","protected":false},"featured_media":9461,"comment_status":"closed","ping_status":"closed","template":"","meta":[],"product_brand":[],"product_cat":[15,147,158,154],"product_tag":[],"class_list":{"0":"post-9456","1":"product","2":"type-product","3":"status-publish","4":"has-post-thumbnail","6":"product_cat-all-products","7":"product_cat-woman","8":"product_cat-jacket-woman","9":"product_cat-parka-woman","11":"first","12":"instock","13":"featured","14":"shipping-taxable","15":"purchasable","16":"product-type-variable"},"_links":{"self":[{"href":"https:\/\/umbicap.com\/index.php?rest_route=\/wp\/v2\/product\/9456","targetHints":{"allow":["GET"]}}],"collection":[{"href":"https:\/\/umbicap.com\/index.php?rest_route=\/wp\/v2\/product"}],"about":[{"href":"https:\/\/umbicap.com\/index.php?rest_route=\/wp\/v2\/types\/product"}],"replies":[{"embeddable":true,"href":"https:\/\/umbicap.com\/index.php?rest_route=%2Fwp%2Fv2%2Fcomments&post=9456"}],"version-history":[{"count":5,"href":"https:\/\/umbicap.com\/index.php?rest_route=\/wp\/v2\/product\/9456\/revisions"}],"predecessor-version":[{"id":9477,"href":"https:\/\/umbicap.com\/index.php?rest_route=\/wp\/v2\/product\/9456\/revisions\/9477"}],"wp:featuredmedia":[{"embeddable":true,"href":"https:\/\/umbicap.com\/index.php?rest_route=\/wp\/v2\/media\/9461"}],"wp:attachment":[{"href":"https:\/\/umbicap.com\/index.php?rest_route=%2Fwp%2Fv2%2Fmedia&parent=9456"}],"wp:term":[{"taxonomy":"product_brand","embeddable":true,"href":"https:\/\/umbicap.com\/index.php?rest_route=%2Fwp%2Fv2%2Fproduct_brand&post=9456"},{"taxonomy":"product_cat","embeddable":true,"href":"https:\/\/umbicap.com\/index.php?rest_route=%2Fwp%2Fv2%2Fproduct_cat&post=9456"},{"taxonomy":"product_tag","embeddable":true,"href":"https:\/\/umbicap.com\/index.php?rest_route=%2Fwp%2Fv2%2Fproduct_tag&post=9456"}],"curies":[{"name":"wp","href":"https:\/\/api.w.org\/{rel}","templated":true}]}}