{"id":9478,"date":"2025-07-28T16:15:05","date_gmt":"2025-07-28T16:15:05","guid":{"rendered":"https:\/\/umbidesign.xyz\/?post_type=product&#038;p=9478"},"modified":"2025-08-10T14:00:34","modified_gmt":"2025-08-10T14:00:34","slug":"impermeavel-island-5200","status":"publish","type":"product","link":"https:\/\/umbicap.com\/?produto=impermeavel-island-5200","title":{"rendered":"Imperme\u00e1vel ISLAND 5200"},"content":{"rendered":"\t\t<div data-elementor-type=\"wp-post\" data-elementor-id=\"9478\" class=\"elementor elementor-9478\">\n\t\t\t\t<div class=\"elementor-element elementor-element-386d97ed e-flex e-con-boxed e-con e-parent\" data-id=\"386d97ed\" data-element_type=\"container\">\n\t\t\t\t\t<div class=\"e-con-inner\">\n\t\t\t\t<div class=\"elementor-element elementor-element-50161d52 elementor-widget elementor-widget-text-editor\" data-id=\"50161d52\" data-element_type=\"widget\" data-widget_type=\"text-editor.default\">\n\t\t\t\t<div class=\"elementor-widget-container\">\n\t\t\t\t\t\t\t\t\t<p class=\"\" data-v-0dde63d0=\"\"><em>Modelo:<\/em><br \/><em>Tamanho M | Altura 190 cm<\/em><\/p><p class=\"composition-text\" data-v-0dde63d0=\"\">Material:<br \/>&#8211; <strong>100% poli\u00e9ster<\/strong> tafet\u00e1<br \/>&#8211; <strong>70 g\/m\u00b2<\/strong>.<\/p><ul><li class=\"observation-text\">Resistente \u00e0 \u00e1gua.<\/li><\/ul>\t\t\t\t\t\t\t\t<\/div>\n\t\t\t\t<\/div>\n\t\t\t\t\t<\/div>\n\t\t\t\t<\/div>\n\t\t\t\t<\/div>\n\t\t","protected":false},"excerpt":{"rendered":"<p class=\"p1\"><strong>Oleado imperme\u00e1vel.<\/strong><\/p>\n<p class=\"p1\">Gola alta e capuz extra\u00edvel com cord\u00f5es ajust\u00e1veis.<br \/>\nFecho central no mesmo tom, com puxador.<br \/>\nDois bolsos laterais com lapela.<br \/>\nPunhos el\u00e1sticos.<br \/>\nC\u00f3s com cord\u00f5es interiores ajust\u00e1veis.<br \/>\nFaixa el\u00e1stica no interior do bolso, para dobrar e guardar a pe\u00e7a.<\/p>\n","protected":false},"featured_media":9483,"comment_status":"closed","ping_status":"closed","template":"","meta":[],"product_brand":[],"product_cat":[15,146,156],"product_tag":[],"class_list":{"0":"post-9478","1":"product","2":"type-product","3":"status-publish","4":"has-post-thumbnail","6":"product_cat-all-products","7":"product_cat-man","8":"product_cat-raincoat-man","10":"first","11":"instock","12":"featured","13":"shipping-taxable","14":"purchasable","15":"product-type-variable"},"_links":{"self":[{"href":"https:\/\/umbicap.com\/index.php?rest_route=\/wp\/v2\/product\/9478","targetHints":{"allow":["GET"]}}],"collection":[{"href":"https:\/\/umbicap.com\/index.php?rest_route=\/wp\/v2\/product"}],"about":[{"href":"https:\/\/umbicap.com\/index.php?rest_route=\/wp\/v2\/types\/product"}],"replies":[{"embeddable":true,"href":"https:\/\/umbicap.com\/index.php?rest_route=%2Fwp%2Fv2%2Fcomments&post=9478"}],"version-history":[{"count":4,"href":"https:\/\/umbicap.com\/index.php?rest_route=\/wp\/v2\/product\/9478\/revisions"}],"predecessor-version":[{"id":9501,"href":"https:\/\/umbicap.com\/index.php?rest_route=\/wp\/v2\/product\/9478\/revisions\/9501"}],"wp:featuredmedia":[{"embeddable":true,"href":"https:\/\/umbicap.com\/index.php?rest_route=\/wp\/v2\/media\/9483"}],"wp:attachment":[{"href":"https:\/\/umbicap.com\/index.php?rest_route=%2Fwp%2Fv2%2Fmedia&parent=9478"}],"wp:term":[{"taxonomy":"product_brand","embeddable":true,"href":"https:\/\/umbicap.com\/index.php?rest_route=%2Fwp%2Fv2%2Fproduct_brand&post=9478"},{"taxonomy":"product_cat","embeddable":true,"href":"https:\/\/umbicap.com\/index.php?rest_route=%2Fwp%2Fv2%2Fproduct_cat&post=9478"},{"taxonomy":"product_tag","embeddable":true,"href":"https:\/\/umbicap.com\/index.php?rest_route=%2Fwp%2Fv2%2Fproduct_tag&post=9478"}],"curies":[{"name":"wp","href":"https:\/\/api.w.org\/{rel}","templated":true}]}}