{"id":9549,"date":"2025-07-28T17:09:04","date_gmt":"2025-07-28T17:09:04","guid":{"rendered":"https:\/\/umbidesign.xyz\/?post_type=product&#038;p=9549"},"modified":"2025-08-10T14:00:04","modified_gmt":"2025-08-10T14:00:04","slug":"t-shirt-montecarlo-desportiva-mulher-0423","status":"publish","type":"product","link":"https:\/\/umbicap.com\/?produto=t-shirt-montecarlo-desportiva-mulher-0423","title":{"rendered":"T-shirt MONTECARLO desportiva mulher 0423"},"content":{"rendered":"\t\t<div data-elementor-type=\"wp-post\" data-elementor-id=\"9549\" class=\"elementor elementor-9549\">\n\t\t\t\t<div class=\"elementor-element elementor-element-386d97ed e-flex e-con-boxed e-con e-parent\" data-id=\"386d97ed\" data-element_type=\"container\">\n\t\t\t\t\t<div class=\"e-con-inner\">\n\t\t\t\t<div class=\"elementor-element elementor-element-50161d52 elementor-widget elementor-widget-text-editor\" data-id=\"50161d52\" data-element_type=\"widget\" data-widget_type=\"text-editor.default\">\n\t\t\t\t<div class=\"elementor-widget-container\">\n\t\t\t\t\t\t\t\t\t<p class=\"\" data-v-0dde63d0=\"\"><em>Modelo:<\/em><br \/><em>Tamanho S | Altura 163 cm<\/em><\/p><p class=\"composition-text\" data-v-0dde63d0=\"\">Material:<br \/>&#8211; <strong>100% poli\u00e9ster<\/strong> piqu\u00ea<br \/>&#8211; <strong>150 g\/m\u00b2<\/strong>.<\/p><ul><li class=\"observation-text\">Tecido transpir\u00e1vel de f\u00e1cil lavagem e secagem r\u00e1pida.<\/li><li class=\"observation-text\">Etiqueta remov\u00edvel.<\/li><li class=\"observation-text\">Tecido t\u00e9cnico.<\/li><li class=\"observation-text\">Conceito duplo.<\/li><li class=\"observation-text\">Fator de prote\u00e7\u00e3o ultravioleta de acordo com a cor.<\/li><\/ul>\t\t\t\t\t\t\t\t<\/div>\n\t\t\t\t<\/div>\n\t\t\t\t\t<\/div>\n\t\t\t\t<\/div>\n\t\t\t\t<\/div>\n\t\t","protected":false},"excerpt":{"rendered":"<p class=\"p1\"><strong>T-shirt t\u00e9cnica feminina.<\/strong><\/p>\n<p class=\"p1\">Decote redondo com tapa costuras.<br \/>\nCorte cintado.<\/p>\n","protected":false},"featured_media":9555,"comment_status":"closed","ping_status":"closed","template":"","meta":[],"product_brand":[],"product_cat":[15,166,168],"product_tag":[],"class_list":{"0":"post-9549","1":"product","2":"type-product","3":"status-publish","4":"has-post-thumbnail","6":"product_cat-all-products","7":"product_cat-sport","8":"product_cat-t-shirt-woman-sports","10":"first","11":"instock","12":"featured","13":"shipping-taxable","14":"purchasable","15":"product-type-variable"},"_links":{"self":[{"href":"https:\/\/umbicap.com\/index.php?rest_route=\/wp\/v2\/product\/9549","targetHints":{"allow":["GET"]}}],"collection":[{"href":"https:\/\/umbicap.com\/index.php?rest_route=\/wp\/v2\/product"}],"about":[{"href":"https:\/\/umbicap.com\/index.php?rest_route=\/wp\/v2\/types\/product"}],"replies":[{"embeddable":true,"href":"https:\/\/umbicap.com\/index.php?rest_route=%2Fwp%2Fv2%2Fcomments&post=9549"}],"version-history":[{"count":5,"href":"https:\/\/umbicap.com\/index.php?rest_route=\/wp\/v2\/product\/9549\/revisions"}],"predecessor-version":[{"id":9640,"href":"https:\/\/umbicap.com\/index.php?rest_route=\/wp\/v2\/product\/9549\/revisions\/9640"}],"wp:featuredmedia":[{"embeddable":true,"href":"https:\/\/umbicap.com\/index.php?rest_route=\/wp\/v2\/media\/9555"}],"wp:attachment":[{"href":"https:\/\/umbicap.com\/index.php?rest_route=%2Fwp%2Fv2%2Fmedia&parent=9549"}],"wp:term":[{"taxonomy":"product_brand","embeddable":true,"href":"https:\/\/umbicap.com\/index.php?rest_route=%2Fwp%2Fv2%2Fproduct_brand&post=9549"},{"taxonomy":"product_cat","embeddable":true,"href":"https:\/\/umbicap.com\/index.php?rest_route=%2Fwp%2Fv2%2Fproduct_cat&post=9549"},{"taxonomy":"product_tag","embeddable":true,"href":"https:\/\/umbicap.com\/index.php?rest_route=%2Fwp%2Fv2%2Fproduct_tag&post=9549"}],"curies":[{"name":"wp","href":"https:\/\/api.w.org\/{rel}","templated":true}]}}