{"id":9641,"date":"2025-07-28T18:35:07","date_gmt":"2025-07-28T18:35:07","guid":{"rendered":"https:\/\/umbidesign.xyz\/?post_type=product&#038;p=9641"},"modified":"2025-08-10T14:00:03","modified_gmt":"2025-08-10T14:00:03","slug":"t-shirt-shanghai-desportiva-homem-6695","status":"publish","type":"product","link":"https:\/\/umbicap.com\/?produto=t-shirt-shanghai-desportiva-homem-6695","title":{"rendered":"T-shirt SHANGHAI desportiva homem 6695"},"content":{"rendered":"\t\t<div data-elementor-type=\"wp-post\" data-elementor-id=\"9641\" class=\"elementor elementor-9641\">\n\t\t\t\t<div class=\"elementor-element elementor-element-386d97ed e-flex e-con-boxed e-con e-parent\" data-id=\"386d97ed\" data-element_type=\"container\">\n\t\t\t\t\t<div class=\"e-con-inner\">\n\t\t\t\t<div class=\"elementor-element elementor-element-50161d52 elementor-widget elementor-widget-text-editor\" data-id=\"50161d52\" data-element_type=\"widget\" data-widget_type=\"text-editor.default\">\n\t\t\t\t<div class=\"elementor-widget-container\">\n\t\t\t\t\t\t\t\t\t<p class=\"\" data-v-0dde63d0=\"\"><em>Modelo:<\/em><br \/><em>Tamanho M | Altura 185 cm<\/em><\/p><p class=\"composition-text\" data-v-0dde63d0=\"\">Material:<br \/>&#8211; <strong>100% poli\u00e9ster<\/strong> piqu\u00ea<br \/>&#8211; <strong>150 g\/m\u00b2<\/strong>.<\/p><ul><li class=\"observation-text\">Tecido transpir\u00e1vel de f\u00e1cil lavagem e secagem r\u00e1pida.<\/li><li class=\"observation-text\">Etiqueta remov\u00edvel.<\/li><li class=\"observation-text\">Tecido t\u00e9cnico.<\/li><li class=\"observation-text\">Conceito duplo.<\/li><li class=\"observation-text\">Fator de prote\u00e7\u00e3o ultravioleta de acordo com a cor.<br \/><br \/><\/li><li class=\"p1\"><b>Tamanhos crian\u00e7a dispon\u00edveis nas seguintes cores:<\/b><br \/>White \/\/ Yellow \/\/ Red \/\/ Fushcia \/\/ Purple \/\/ Blue Royal \/\/ Turquoise \/\/ Blue Navy \/\/ Green \/\/ Green Lime \/\/ Graphite \/\/ Black \/\/ Fluor Yellow \/\/ Fluor Orange \/\/ Fluor Coral<\/li><\/ul>\t\t\t\t\t\t\t\t<\/div>\n\t\t\t\t<\/div>\n\t\t\t\t\t<\/div>\n\t\t\t\t<\/div>\n\t\t\t\t<\/div>\n\t\t","protected":false},"excerpt":{"rendered":"<p class=\"p1\"><strong>Technical t-shirt with a combination of two polyester fabrics and short-sleeve raglan style.<\/strong><\/p>\n<p class=\"p1\">Main fabric in birds&#8217;s eye, side panels and inner sleeve in microperforated fabric.<br \/>\nCrew neck with inner reinforced covered seams.<br \/>\nComfortable and easy-fitting fabric.<\/p>\n<p><b>Tamanhos crian\u00e7a dispon\u00edveis\u00a0<\/b>em todas as cores.<\/p>\n","protected":false},"featured_media":0,"comment_status":"closed","ping_status":"closed","template":"","meta":[],"product_brand":[],"product_cat":[15,179,180,166,167],"product_tag":[],"class_list":{"0":"post-9641","1":"product","2":"type-product","3":"status-publish","5":"product_cat-all-products","6":"product_cat-kids","7":"product_cat-kids-sport","8":"product_cat-sport","9":"product_cat-t-shirt-man-sport","11":"first","12":"instock","13":"featured","14":"shipping-taxable","15":"purchasable","16":"product-type-variable"},"_links":{"self":[{"href":"https:\/\/umbicap.com\/index.php?rest_route=\/wp\/v2\/product\/9641","targetHints":{"allow":["GET"]}}],"collection":[{"href":"https:\/\/umbicap.com\/index.php?rest_route=\/wp\/v2\/product"}],"about":[{"href":"https:\/\/umbicap.com\/index.php?rest_route=\/wp\/v2\/types\/product"}],"replies":[{"embeddable":true,"href":"https:\/\/umbicap.com\/index.php?rest_route=%2Fwp%2Fv2%2Fcomments&post=9641"}],"version-history":[{"count":2,"href":"https:\/\/umbicap.com\/index.php?rest_route=\/wp\/v2\/product\/9641\/revisions"}],"predecessor-version":[{"id":9656,"href":"https:\/\/umbicap.com\/index.php?rest_route=\/wp\/v2\/product\/9641\/revisions\/9656"}],"wp:attachment":[{"href":"https:\/\/umbicap.com\/index.php?rest_route=%2Fwp%2Fv2%2Fmedia&parent=9641"}],"wp:term":[{"taxonomy":"product_brand","embeddable":true,"href":"https:\/\/umbicap.com\/index.php?rest_route=%2Fwp%2Fv2%2Fproduct_brand&post=9641"},{"taxonomy":"product_cat","embeddable":true,"href":"https:\/\/umbicap.com\/index.php?rest_route=%2Fwp%2Fv2%2Fproduct_cat&post=9641"},{"taxonomy":"product_tag","embeddable":true,"href":"https:\/\/umbicap.com\/index.php?rest_route=%2Fwp%2Fv2%2Fproduct_tag&post=9641"}],"curies":[{"name":"wp","href":"https:\/\/api.w.org\/{rel}","templated":true}]}}