{"id":9932,"date":"2025-07-29T03:14:12","date_gmt":"2025-07-29T03:14:12","guid":{"rendered":"https:\/\/umbidesign.xyz\/?post_type=product&#038;p=9932"},"modified":"2025-08-10T13:59:59","modified_gmt":"2025-08-10T13:59:59","slug":"polo-monzha-desportivo-homem-0404","status":"publish","type":"product","link":"https:\/\/umbicap.com\/?produto=polo-monzha-desportivo-homem-0404","title":{"rendered":"Polo MONZHA desportivo homem 0404"},"content":{"rendered":"\t\t<div data-elementor-type=\"wp-post\" data-elementor-id=\"9932\" class=\"elementor elementor-9932\">\n\t\t\t\t<div class=\"elementor-element elementor-element-386d97ed e-flex e-con-boxed e-con e-parent\" data-id=\"386d97ed\" data-element_type=\"container\">\n\t\t\t\t\t<div class=\"e-con-inner\">\n\t\t\t\t<div class=\"elementor-element elementor-element-50161d52 elementor-widget elementor-widget-text-editor\" data-id=\"50161d52\" data-element_type=\"widget\" data-widget_type=\"text-editor.default\">\n\t\t\t\t<div class=\"elementor-widget-container\">\n\t\t\t\t\t\t\t\t\t<p class=\"\" data-v-0dde63d0=\"\"><em>Modelo:<\/em><br \/><em>Tamanho M | Altura 182 cm<\/em><\/p><p class=\"composition-text\" data-v-0dde63d0=\"\">Material:<br \/>&#8211; <strong>100% poli\u00e9ster<\/strong> piqu\u00ea<br \/>&#8211; <strong>150 g\/m\u00b2<\/strong>.<\/p><ul><li class=\"observation-text\">Etiqueta remov\u00edvel.<\/li><li class=\"observation-text\">Tecido t\u00e9cnico.<\/li><li class=\"observation-text\">Modelo transpir\u00e1vel.<\/li><li class=\"observation-text\">Conceito duplo.<br \/><br \/><\/li><li class=\"observation-text\"><b>Tamanhos crian\u00e7a dispon\u00edveis em TODAS as cores, excepto: <\/b>Lead.<\/li><\/ul>\t\t\t\t\t\t\t\t<\/div>\n\t\t\t\t<\/div>\n\t\t\t\t\t<\/div>\n\t\t\t\t<\/div>\n\t\t\t\t<\/div>\n\t\t","protected":false},"excerpt":{"rendered":"<p class=\"product-short-desc \" data-v-0dde63d0=\"\"><strong>Polo t\u00e9cnico de manga curta.<\/strong><\/p>\n<p class=\"product-short-desc \" data-v-0dde63d0=\"\">Gola em \u201ctricot\u201d com lapela de 3 bot\u00f5es.<br \/>\nTecido transpir\u00e1vel, de f\u00e1cil lavagem e secagem r\u00e1pida.<\/p>\n<p class=\"p1\"><b>Tamanhos crian\u00e7a dispon\u00edveis em TODAS as cores, excepto: <\/b>Lead.<\/p>\n","protected":false},"featured_media":9941,"comment_status":"closed","ping_status":"closed","template":"","meta":[],"product_brand":[],"product_cat":[15,179,180,174,166],"product_tag":[],"class_list":{"0":"post-9932","1":"product","2":"type-product","3":"status-publish","4":"has-post-thumbnail","6":"product_cat-all-products","7":"product_cat-kids","8":"product_cat-kids-sport","9":"product_cat-polo-man-sport","10":"product_cat-sport","12":"first","13":"instock","14":"featured","15":"shipping-taxable","16":"purchasable","17":"product-type-variable"},"_links":{"self":[{"href":"https:\/\/umbicap.com\/index.php?rest_route=\/wp\/v2\/product\/9932","targetHints":{"allow":["GET"]}}],"collection":[{"href":"https:\/\/umbicap.com\/index.php?rest_route=\/wp\/v2\/product"}],"about":[{"href":"https:\/\/umbicap.com\/index.php?rest_route=\/wp\/v2\/types\/product"}],"replies":[{"embeddable":true,"href":"https:\/\/umbicap.com\/index.php?rest_route=%2Fwp%2Fv2%2Fcomments&post=9932"}],"version-history":[{"count":5,"href":"https:\/\/umbicap.com\/index.php?rest_route=\/wp\/v2\/product\/9932\/revisions"}],"predecessor-version":[{"id":10002,"href":"https:\/\/umbicap.com\/index.php?rest_route=\/wp\/v2\/product\/9932\/revisions\/10002"}],"wp:featuredmedia":[{"embeddable":true,"href":"https:\/\/umbicap.com\/index.php?rest_route=\/wp\/v2\/media\/9941"}],"wp:attachment":[{"href":"https:\/\/umbicap.com\/index.php?rest_route=%2Fwp%2Fv2%2Fmedia&parent=9932"}],"wp:term":[{"taxonomy":"product_brand","embeddable":true,"href":"https:\/\/umbicap.com\/index.php?rest_route=%2Fwp%2Fv2%2Fproduct_brand&post=9932"},{"taxonomy":"product_cat","embeddable":true,"href":"https:\/\/umbicap.com\/index.php?rest_route=%2Fwp%2Fv2%2Fproduct_cat&post=9932"},{"taxonomy":"product_tag","embeddable":true,"href":"https:\/\/umbicap.com\/index.php?rest_route=%2Fwp%2Fv2%2Fproduct_tag&post=9932"}],"curies":[{"name":"wp","href":"https:\/\/api.w.org\/{rel}","templated":true}]}}